{"id":22582,"date":"2025-07-25T18:59:55","date_gmt":"2025-07-25T22:59:55","guid":{"rendered":"https:\/\/www.galerievieuxstjean.com\/product\/reflets-dores\/"},"modified":"2025-07-25T19:36:22","modified_gmt":"2025-07-25T23:36:22","slug":"reflets-dores","status":"publish","type":"product","link":"https:\/\/www.galerievieuxstjean.com\/en\/product\/reflets-dores\/","title":{"rendered":"Reflets dor\u00e9s"},"content":{"rendered":"","protected":false},"excerpt":{"rendered":"<p>Original artwork.<\/p>\n<p>In this vertical work marked by poetic pixelism, H\u00e9l\u00e8ne Lafontaine captures the golden light of a majestic tree rising through an abstract landscape. With layered, rectilinear strokes, she explores memory, the brilliance of life, and the verticality of time. The mirrored effect in the lower section suggests an inverted world\u2014between reflection and reminiscence.<\/p>\n","protected":false},"featured_media":22573,"template":"","meta":{"_acf_changed":false,"_relevanssi_hide_post":"","_relevanssi_hide_content":"","_relevanssi_pin_for_all":"","_relevanssi_pin_keywords":"","_relevanssi_unpin_keywords":"","_relevanssi_related_keywords":"","_relevanssi_related_include_ids":"","_relevanssi_related_exclude_ids":"","_relevanssi_related_no_append":"","_relevanssi_related_not_related":"","_relevanssi_related_posts":"","_relevanssi_noindex_reason":""},"product_brand":[],"product_cat":[403],"product_tag":[234],"class_list":{"0":"post-22582","1":"product","2":"type-product","3":"status-publish","4":"has-post-thumbnail","6":"product_cat-helene-lafontaine-en","7":"product_tag-figurative","8":"product_shipping_class-moyen-en","10":"first","11":"instock","12":"sold-individually","13":"taxable","14":"shipping-taxable","15":"purchasable","16":"product-type-simple"},"acf":[],"yoast_head":"<!-- This site is optimized with the Yoast SEO Premium plugin v27.5 (Yoast SEO v27.5) - https:\/\/yoast.com\/product\/yoast-seo-premium-wordpress\/ -->\n<title>Reflets dor\u00e9s - Galerie du Vieux Saint-Jean<\/title>\n<meta name=\"description\" content=\"Original artwork, 48x8 in, on canvas by H\u00e9l\u00e8ne Lafontaine. A poetic reflection of a golden tree in an abstract forest, painted in pixelated style.\" \/>\n<meta name=\"robots\" content=\"index, follow, max-snippet:-1, max-image-preview:large, max-video-preview:-1\" \/>\n<link rel=\"canonical\" href=\"https:\/\/www.galerievieuxstjean.com\/en\/product\/reflets-dores\/\" \/>\n<meta property=\"og:locale\" content=\"en_US\" \/>\n<meta property=\"og:type\" content=\"article\" \/>\n<meta property=\"og:title\" content=\"Reflets dor\u00e9s\" \/>\n<meta property=\"og:description\" content=\"Original artwork, 48x8 in, on canvas by H\u00e9l\u00e8ne Lafontaine. A poetic reflection of a golden tree in an abstract forest, painted in pixelated style.\" \/>\n<meta property=\"og:url\" content=\"https:\/\/www.galerievieuxstjean.com\/en\/product\/reflets-dores\/\" \/>\n<meta property=\"og:site_name\" content=\"Galerie du Vieux Saint-Jean\" \/>\n<meta property=\"article:publisher\" content=\"https:\/\/www.facebook.com\/galerievieuxstjean\" \/>\n<meta property=\"article:modified_time\" content=\"2025-07-25T23:36:22+00:00\" \/>\n<meta property=\"og:image\" content=\"https:\/\/www.galerievieuxstjean.com\/wp-content\/uploads\/2025\/07\/HEL2063-Reflets-dores-M48x8x.75-ATBD25.jpg\" \/>\n\t<meta property=\"og:image:width\" content=\"249\" \/>\n\t<meta property=\"og:image:height\" content=\"1600\" \/>\n\t<meta property=\"og:image:type\" content=\"image\/jpeg\" \/>\n<meta name=\"twitter:card\" content=\"summary_large_image\" \/>\n<script type=\"application\/ld+json\" class=\"yoast-schema-graph\">{\"@context\":\"https:\\\/\\\/schema.org\",\"@graph\":[{\"@type\":\"WebPage\",\"@id\":\"https:\\\/\\\/www.galerievieuxstjean.com\\\/en\\\/product\\\/reflets-dores\\\/\",\"url\":\"https:\\\/\\\/www.galerievieuxstjean.com\\\/en\\\/product\\\/reflets-dores\\\/\",\"name\":\"Reflets dor\u00e9s - Galerie du Vieux Saint-Jean\",\"isPartOf\":{\"@id\":\"https:\\\/\\\/www.galerievieuxstjean.com\\\/en\\\/#website\"},\"primaryImageOfPage\":{\"@id\":\"https:\\\/\\\/www.galerievieuxstjean.com\\\/en\\\/product\\\/reflets-dores\\\/#primaryimage\"},\"image\":{\"@id\":\"https:\\\/\\\/www.galerievieuxstjean.com\\\/en\\\/product\\\/reflets-dores\\\/#primaryimage\"},\"thumbnailUrl\":\"https:\\\/\\\/www.galerievieuxstjean.com\\\/wp-content\\\/uploads\\\/2025\\\/07\\\/HEL2063-Reflets-dores-M48x8x.75-ATBD25.jpg\",\"datePublished\":\"2025-07-25T22:59:55+00:00\",\"dateModified\":\"2025-07-25T23:36:22+00:00\",\"description\":\"Original artwork, 48x8 in, on canvas by H\u00e9l\u00e8ne Lafontaine. A poetic reflection of a golden tree in an abstract forest, painted in pixelated style.\",\"breadcrumb\":{\"@id\":\"https:\\\/\\\/www.galerievieuxstjean.com\\\/en\\\/product\\\/reflets-dores\\\/#breadcrumb\"},\"inLanguage\":\"en-US\",\"potentialAction\":[{\"@type\":\"ReadAction\",\"target\":[\"https:\\\/\\\/www.galerievieuxstjean.com\\\/en\\\/product\\\/reflets-dores\\\/\"]}]},{\"@type\":\"ImageObject\",\"inLanguage\":\"en-US\",\"@id\":\"https:\\\/\\\/www.galerievieuxstjean.com\\\/en\\\/product\\\/reflets-dores\\\/#primaryimage\",\"url\":\"https:\\\/\\\/www.galerievieuxstjean.com\\\/wp-content\\\/uploads\\\/2025\\\/07\\\/HEL2063-Reflets-dores-M48x8x.75-ATBD25.jpg\",\"contentUrl\":\"https:\\\/\\\/www.galerievieuxstjean.com\\\/wp-content\\\/uploads\\\/2025\\\/07\\\/HEL2063-Reflets-dores-M48x8x.75-ATBD25.jpg\",\"width\":249,\"height\":1600},{\"@type\":\"BreadcrumbList\",\"@id\":\"https:\\\/\\\/www.galerievieuxstjean.com\\\/en\\\/product\\\/reflets-dores\\\/#breadcrumb\",\"itemListElement\":[{\"@type\":\"ListItem\",\"position\":1,\"name\":\"Accueil\",\"item\":\"https:\\\/\\\/www.galerievieuxstjean.com\\\/en\\\/\"},{\"@type\":\"ListItem\",\"position\":2,\"name\":\"Boutique\",\"item\":\"https:\\\/\\\/www.galerievieuxstjean.com\\\/en\\\/shop\\\/\"},{\"@type\":\"ListItem\",\"position\":3,\"name\":\"Reflets dor\u00e9s\"}]},{\"@type\":\"WebSite\",\"@id\":\"https:\\\/\\\/www.galerievieuxstjean.com\\\/en\\\/#website\",\"url\":\"https:\\\/\\\/www.galerievieuxstjean.com\\\/en\\\/\",\"name\":\"Galerie du Vieux St-Jean\",\"description\":\"\",\"publisher\":{\"@id\":\"https:\\\/\\\/www.galerievieuxstjean.com\\\/en\\\/#organization\"},\"potentialAction\":[{\"@type\":\"SearchAction\",\"target\":{\"@type\":\"EntryPoint\",\"urlTemplate\":\"https:\\\/\\\/www.galerievieuxstjean.com\\\/en\\\/?s={search_term_string}\"},\"query-input\":{\"@type\":\"PropertyValueSpecification\",\"valueRequired\":true,\"valueName\":\"search_term_string\"}}],\"inLanguage\":\"en-US\"},{\"@type\":\"Organization\",\"@id\":\"https:\\\/\\\/www.galerievieuxstjean.com\\\/en\\\/#organization\",\"name\":\"Galerie du Vieux St-Jean\",\"url\":\"https:\\\/\\\/www.galerievieuxstjean.com\\\/en\\\/\",\"logo\":{\"@type\":\"ImageObject\",\"inLanguage\":\"en-US\",\"@id\":\"https:\\\/\\\/www.galerievieuxstjean.com\\\/en\\\/#\\\/schema\\\/logo\\\/image\\\/\",\"url\":\"https:\\\/\\\/www.galerievieuxstjean.com\\\/wp-content\\\/uploads\\\/2022\\\/02\\\/Logo-Galerie-du-Vieux-St-Jean-noir_Final-Jeff-202112.jpg\",\"contentUrl\":\"https:\\\/\\\/www.galerievieuxstjean.com\\\/wp-content\\\/uploads\\\/2022\\\/02\\\/Logo-Galerie-du-Vieux-St-Jean-noir_Final-Jeff-202112.jpg\",\"width\":1500,\"height\":1500,\"caption\":\"Galerie du Vieux St-Jean\"},\"image\":{\"@id\":\"https:\\\/\\\/www.galerievieuxstjean.com\\\/en\\\/#\\\/schema\\\/logo\\\/image\\\/\"},\"sameAs\":[\"https:\\\/\\\/www.facebook.com\\\/galerievieuxstjean\"]}]}<\/script>\n<!-- \/ Yoast SEO Premium plugin. -->","yoast_head_json":{"title":"Reflets dor\u00e9s - Galerie du Vieux Saint-Jean","description":"Original artwork, 48x8 in, on canvas by H\u00e9l\u00e8ne Lafontaine. A poetic reflection of a golden tree in an abstract forest, painted in pixelated style.","robots":{"index":"index","follow":"follow","max-snippet":"max-snippet:-1","max-image-preview":"max-image-preview:large","max-video-preview":"max-video-preview:-1"},"canonical":"https:\/\/www.galerievieuxstjean.com\/en\/product\/reflets-dores\/","og_locale":"en_US","og_type":"article","og_title":"Reflets dor\u00e9s","og_description":"Original artwork, 48x8 in, on canvas by H\u00e9l\u00e8ne Lafontaine. A poetic reflection of a golden tree in an abstract forest, painted in pixelated style.","og_url":"https:\/\/www.galerievieuxstjean.com\/en\/product\/reflets-dores\/","og_site_name":"Galerie du Vieux Saint-Jean","article_publisher":"https:\/\/www.facebook.com\/galerievieuxstjean","article_modified_time":"2025-07-25T23:36:22+00:00","og_image":[{"width":249,"height":1600,"url":"https:\/\/www.galerievieuxstjean.com\/wp-content\/uploads\/2025\/07\/HEL2063-Reflets-dores-M48x8x.75-ATBD25.jpg","type":"image\/jpeg"}],"twitter_card":"summary_large_image","schema":{"@context":"https:\/\/schema.org","@graph":[{"@type":"WebPage","@id":"https:\/\/www.galerievieuxstjean.com\/en\/product\/reflets-dores\/","url":"https:\/\/www.galerievieuxstjean.com\/en\/product\/reflets-dores\/","name":"Reflets dor\u00e9s - Galerie du Vieux Saint-Jean","isPartOf":{"@id":"https:\/\/www.galerievieuxstjean.com\/en\/#website"},"primaryImageOfPage":{"@id":"https:\/\/www.galerievieuxstjean.com\/en\/product\/reflets-dores\/#primaryimage"},"image":{"@id":"https:\/\/www.galerievieuxstjean.com\/en\/product\/reflets-dores\/#primaryimage"},"thumbnailUrl":"https:\/\/www.galerievieuxstjean.com\/wp-content\/uploads\/2025\/07\/HEL2063-Reflets-dores-M48x8x.75-ATBD25.jpg","datePublished":"2025-07-25T22:59:55+00:00","dateModified":"2025-07-25T23:36:22+00:00","description":"Original artwork, 48x8 in, on canvas by H\u00e9l\u00e8ne Lafontaine. A poetic reflection of a golden tree in an abstract forest, painted in pixelated style.","breadcrumb":{"@id":"https:\/\/www.galerievieuxstjean.com\/en\/product\/reflets-dores\/#breadcrumb"},"inLanguage":"en-US","potentialAction":[{"@type":"ReadAction","target":["https:\/\/www.galerievieuxstjean.com\/en\/product\/reflets-dores\/"]}]},{"@type":"ImageObject","inLanguage":"en-US","@id":"https:\/\/www.galerievieuxstjean.com\/en\/product\/reflets-dores\/#primaryimage","url":"https:\/\/www.galerievieuxstjean.com\/wp-content\/uploads\/2025\/07\/HEL2063-Reflets-dores-M48x8x.75-ATBD25.jpg","contentUrl":"https:\/\/www.galerievieuxstjean.com\/wp-content\/uploads\/2025\/07\/HEL2063-Reflets-dores-M48x8x.75-ATBD25.jpg","width":249,"height":1600},{"@type":"BreadcrumbList","@id":"https:\/\/www.galerievieuxstjean.com\/en\/product\/reflets-dores\/#breadcrumb","itemListElement":[{"@type":"ListItem","position":1,"name":"Accueil","item":"https:\/\/www.galerievieuxstjean.com\/en\/"},{"@type":"ListItem","position":2,"name":"Boutique","item":"https:\/\/www.galerievieuxstjean.com\/en\/shop\/"},{"@type":"ListItem","position":3,"name":"Reflets dor\u00e9s"}]},{"@type":"WebSite","@id":"https:\/\/www.galerievieuxstjean.com\/en\/#website","url":"https:\/\/www.galerievieuxstjean.com\/en\/","name":"Galerie du Vieux St-Jean","description":"","publisher":{"@id":"https:\/\/www.galerievieuxstjean.com\/en\/#organization"},"potentialAction":[{"@type":"SearchAction","target":{"@type":"EntryPoint","urlTemplate":"https:\/\/www.galerievieuxstjean.com\/en\/?s={search_term_string}"},"query-input":{"@type":"PropertyValueSpecification","valueRequired":true,"valueName":"search_term_string"}}],"inLanguage":"en-US"},{"@type":"Organization","@id":"https:\/\/www.galerievieuxstjean.com\/en\/#organization","name":"Galerie du Vieux St-Jean","url":"https:\/\/www.galerievieuxstjean.com\/en\/","logo":{"@type":"ImageObject","inLanguage":"en-US","@id":"https:\/\/www.galerievieuxstjean.com\/en\/#\/schema\/logo\/image\/","url":"https:\/\/www.galerievieuxstjean.com\/wp-content\/uploads\/2022\/02\/Logo-Galerie-du-Vieux-St-Jean-noir_Final-Jeff-202112.jpg","contentUrl":"https:\/\/www.galerievieuxstjean.com\/wp-content\/uploads\/2022\/02\/Logo-Galerie-du-Vieux-St-Jean-noir_Final-Jeff-202112.jpg","width":1500,"height":1500,"caption":"Galerie du Vieux St-Jean"},"image":{"@id":"https:\/\/www.galerievieuxstjean.com\/en\/#\/schema\/logo\/image\/"},"sameAs":["https:\/\/www.facebook.com\/galerievieuxstjean"]}]}},"_links":{"self":[{"href":"https:\/\/www.galerievieuxstjean.com\/en\/wp-json\/wp\/v2\/product\/22582","targetHints":{"allow":["GET"]}}],"collection":[{"href":"https:\/\/www.galerievieuxstjean.com\/en\/wp-json\/wp\/v2\/product"}],"about":[{"href":"https:\/\/www.galerievieuxstjean.com\/en\/wp-json\/wp\/v2\/types\/product"}],"wp:featuredmedia":[{"embeddable":true,"href":"https:\/\/www.galerievieuxstjean.com\/en\/wp-json\/wp\/v2\/media\/22573"}],"wp:attachment":[{"href":"https:\/\/www.galerievieuxstjean.com\/en\/wp-json\/wp\/v2\/media?parent=22582"}],"wp:term":[{"taxonomy":"product_brand","embeddable":true,"href":"https:\/\/www.galerievieuxstjean.com\/en\/wp-json\/wp\/v2\/product_brand?post=22582"},{"taxonomy":"product_cat","embeddable":true,"href":"https:\/\/www.galerievieuxstjean.com\/en\/wp-json\/wp\/v2\/product_cat?post=22582"},{"taxonomy":"product_tag","embeddable":true,"href":"https:\/\/www.galerievieuxstjean.com\/en\/wp-json\/wp\/v2\/product_tag?post=22582"}],"curies":[{"name":"wp","href":"https:\/\/api.w.org\/{rel}","templated":true}]}}