{"id":22588,"date":"2025-07-25T19:43:58","date_gmt":"2025-07-25T23:43:58","guid":{"rendered":"https:\/\/www.galerievieuxstjean.com\/product\/archet-et-lumiere\/"},"modified":"2025-07-25T19:43:58","modified_gmt":"2025-07-25T23:43:58","slug":"archet-et-lumiere","status":"publish","type":"product","link":"https:\/\/www.galerievieuxstjean.com\/en\/product\/archet-et-lumiere\/","title":{"rendered":"Archet et lumi\u00e8re"},"content":{"rendered":"","protected":false},"excerpt":{"rendered":"<p>Original artwork.<\/p>\n<p data-start=\"617\" data-end=\"973\">H\u00e9l\u00e8ne Lafontaine portrays a violinist deeply immersed in her performance, using her signature poetic pixelism. The rectilinear strokes convey musical vibrations, emotional intensity, and focused presence. The radiant background in golden and violet tones evokes the expansive sound and inner light emerging from the scene. A work both powerful and tender.<\/p>\n","protected":false},"featured_media":22579,"template":"","meta":{"_acf_changed":false,"_relevanssi_hide_post":"","_relevanssi_hide_content":"","_relevanssi_pin_for_all":"","_relevanssi_pin_keywords":"","_relevanssi_unpin_keywords":"","_relevanssi_related_keywords":"","_relevanssi_related_include_ids":"","_relevanssi_related_exclude_ids":"","_relevanssi_related_no_append":"","_relevanssi_related_not_related":"","_relevanssi_related_posts":"","_relevanssi_noindex_reason":""},"product_brand":[],"product_cat":[403],"product_tag":[234],"class_list":{"0":"post-22588","1":"product","2":"type-product","3":"status-publish","4":"has-post-thumbnail","6":"product_cat-helene-lafontaine-en","7":"product_tag-figurative","8":"product_shipping_class-moyen-en","10":"first","11":"instock","12":"sold-individually","13":"taxable","14":"shipping-taxable","15":"purchasable","16":"product-type-simple"},"acf":[],"yoast_head":"<!-- This site is optimized with the Yoast SEO Premium plugin v27.5 (Yoast SEO v27.5) - https:\/\/yoast.com\/product\/yoast-seo-premium-wordpress\/ -->\n<title>Archet et lumi\u00e8re - Galerie du Vieux Saint-Jean<\/title>\n<meta name=\"description\" content=\"Original artwork, 24x30 in, acrylic on canvas by H\u00e9l\u00e8ne Lafontaine. Violinist in performance rendered in vibrant poetic pixelism.\" \/>\n<meta name=\"robots\" content=\"index, follow, max-snippet:-1, max-image-preview:large, max-video-preview:-1\" \/>\n<link rel=\"canonical\" href=\"https:\/\/www.galerievieuxstjean.com\/en\/product\/archet-et-lumiere\/\" \/>\n<meta property=\"og:locale\" content=\"en_US\" \/>\n<meta property=\"og:type\" content=\"article\" \/>\n<meta property=\"og:title\" content=\"Archet et lumi\u00e8re\" \/>\n<meta property=\"og:description\" content=\"Original artwork, 24x30 in, acrylic on canvas by H\u00e9l\u00e8ne Lafontaine. Violinist in performance rendered in vibrant poetic pixelism.\" \/>\n<meta property=\"og:url\" content=\"https:\/\/www.galerievieuxstjean.com\/en\/product\/archet-et-lumiere\/\" \/>\n<meta property=\"og:site_name\" content=\"Galerie du Vieux Saint-Jean\" \/>\n<meta property=\"article:publisher\" content=\"https:\/\/www.facebook.com\/galerievieuxstjean\" \/>\n<meta property=\"og:image\" content=\"https:\/\/www.galerievieuxstjean.com\/wp-content\/uploads\/2025\/07\/HEL2066-Archet-et-lumiere-M24x24x1.5-AT-BD24.jpg\" \/>\n\t<meta property=\"og:image:width\" content=\"1588\" \/>\n\t<meta property=\"og:image:height\" content=\"1600\" \/>\n\t<meta property=\"og:image:type\" content=\"image\/jpeg\" \/>\n<meta name=\"twitter:card\" content=\"summary_large_image\" \/>\n<script type=\"application\/ld+json\" class=\"yoast-schema-graph\">{\"@context\":\"https:\\\/\\\/schema.org\",\"@graph\":[{\"@type\":\"WebPage\",\"@id\":\"https:\\\/\\\/www.galerievieuxstjean.com\\\/en\\\/product\\\/archet-et-lumiere\\\/\",\"url\":\"https:\\\/\\\/www.galerievieuxstjean.com\\\/en\\\/product\\\/archet-et-lumiere\\\/\",\"name\":\"Archet et lumi\u00e8re - Galerie du Vieux Saint-Jean\",\"isPartOf\":{\"@id\":\"https:\\\/\\\/www.galerievieuxstjean.com\\\/en\\\/#website\"},\"primaryImageOfPage\":{\"@id\":\"https:\\\/\\\/www.galerievieuxstjean.com\\\/en\\\/product\\\/archet-et-lumiere\\\/#primaryimage\"},\"image\":{\"@id\":\"https:\\\/\\\/www.galerievieuxstjean.com\\\/en\\\/product\\\/archet-et-lumiere\\\/#primaryimage\"},\"thumbnailUrl\":\"https:\\\/\\\/www.galerievieuxstjean.com\\\/wp-content\\\/uploads\\\/2025\\\/07\\\/HEL2066-Archet-et-lumiere-M24x24x1.5-AT-BD24.jpg\",\"datePublished\":\"2025-07-25T23:43:58+00:00\",\"description\":\"Original artwork, 24x30 in, acrylic on canvas by H\u00e9l\u00e8ne Lafontaine. Violinist in performance rendered in vibrant poetic pixelism.\",\"breadcrumb\":{\"@id\":\"https:\\\/\\\/www.galerievieuxstjean.com\\\/en\\\/product\\\/archet-et-lumiere\\\/#breadcrumb\"},\"inLanguage\":\"en-US\",\"potentialAction\":[{\"@type\":\"ReadAction\",\"target\":[\"https:\\\/\\\/www.galerievieuxstjean.com\\\/en\\\/product\\\/archet-et-lumiere\\\/\"]}]},{\"@type\":\"ImageObject\",\"inLanguage\":\"en-US\",\"@id\":\"https:\\\/\\\/www.galerievieuxstjean.com\\\/en\\\/product\\\/archet-et-lumiere\\\/#primaryimage\",\"url\":\"https:\\\/\\\/www.galerievieuxstjean.com\\\/wp-content\\\/uploads\\\/2025\\\/07\\\/HEL2066-Archet-et-lumiere-M24x24x1.5-AT-BD24.jpg\",\"contentUrl\":\"https:\\\/\\\/www.galerievieuxstjean.com\\\/wp-content\\\/uploads\\\/2025\\\/07\\\/HEL2066-Archet-et-lumiere-M24x24x1.5-AT-BD24.jpg\",\"width\":1588,\"height\":1600},{\"@type\":\"BreadcrumbList\",\"@id\":\"https:\\\/\\\/www.galerievieuxstjean.com\\\/en\\\/product\\\/archet-et-lumiere\\\/#breadcrumb\",\"itemListElement\":[{\"@type\":\"ListItem\",\"position\":1,\"name\":\"Accueil\",\"item\":\"https:\\\/\\\/www.galerievieuxstjean.com\\\/en\\\/\"},{\"@type\":\"ListItem\",\"position\":2,\"name\":\"Boutique\",\"item\":\"https:\\\/\\\/www.galerievieuxstjean.com\\\/en\\\/shop\\\/\"},{\"@type\":\"ListItem\",\"position\":3,\"name\":\"Archet et lumi\u00e8re\"}]},{\"@type\":\"WebSite\",\"@id\":\"https:\\\/\\\/www.galerievieuxstjean.com\\\/en\\\/#website\",\"url\":\"https:\\\/\\\/www.galerievieuxstjean.com\\\/en\\\/\",\"name\":\"Galerie du Vieux St-Jean\",\"description\":\"\",\"publisher\":{\"@id\":\"https:\\\/\\\/www.galerievieuxstjean.com\\\/en\\\/#organization\"},\"potentialAction\":[{\"@type\":\"SearchAction\",\"target\":{\"@type\":\"EntryPoint\",\"urlTemplate\":\"https:\\\/\\\/www.galerievieuxstjean.com\\\/en\\\/?s={search_term_string}\"},\"query-input\":{\"@type\":\"PropertyValueSpecification\",\"valueRequired\":true,\"valueName\":\"search_term_string\"}}],\"inLanguage\":\"en-US\"},{\"@type\":\"Organization\",\"@id\":\"https:\\\/\\\/www.galerievieuxstjean.com\\\/en\\\/#organization\",\"name\":\"Galerie du Vieux St-Jean\",\"url\":\"https:\\\/\\\/www.galerievieuxstjean.com\\\/en\\\/\",\"logo\":{\"@type\":\"ImageObject\",\"inLanguage\":\"en-US\",\"@id\":\"https:\\\/\\\/www.galerievieuxstjean.com\\\/en\\\/#\\\/schema\\\/logo\\\/image\\\/\",\"url\":\"https:\\\/\\\/www.galerievieuxstjean.com\\\/wp-content\\\/uploads\\\/2022\\\/02\\\/Logo-Galerie-du-Vieux-St-Jean-noir_Final-Jeff-202112.jpg\",\"contentUrl\":\"https:\\\/\\\/www.galerievieuxstjean.com\\\/wp-content\\\/uploads\\\/2022\\\/02\\\/Logo-Galerie-du-Vieux-St-Jean-noir_Final-Jeff-202112.jpg\",\"width\":1500,\"height\":1500,\"caption\":\"Galerie du Vieux St-Jean\"},\"image\":{\"@id\":\"https:\\\/\\\/www.galerievieuxstjean.com\\\/en\\\/#\\\/schema\\\/logo\\\/image\\\/\"},\"sameAs\":[\"https:\\\/\\\/www.facebook.com\\\/galerievieuxstjean\"]}]}<\/script>\n<!-- \/ Yoast SEO Premium plugin. -->","yoast_head_json":{"title":"Archet et lumi\u00e8re - Galerie du Vieux Saint-Jean","description":"Original artwork, 24x30 in, acrylic on canvas by H\u00e9l\u00e8ne Lafontaine. Violinist in performance rendered in vibrant poetic pixelism.","robots":{"index":"index","follow":"follow","max-snippet":"max-snippet:-1","max-image-preview":"max-image-preview:large","max-video-preview":"max-video-preview:-1"},"canonical":"https:\/\/www.galerievieuxstjean.com\/en\/product\/archet-et-lumiere\/","og_locale":"en_US","og_type":"article","og_title":"Archet et lumi\u00e8re","og_description":"Original artwork, 24x30 in, acrylic on canvas by H\u00e9l\u00e8ne Lafontaine. Violinist in performance rendered in vibrant poetic pixelism.","og_url":"https:\/\/www.galerievieuxstjean.com\/en\/product\/archet-et-lumiere\/","og_site_name":"Galerie du Vieux Saint-Jean","article_publisher":"https:\/\/www.facebook.com\/galerievieuxstjean","og_image":[{"width":1588,"height":1600,"url":"https:\/\/www.galerievieuxstjean.com\/wp-content\/uploads\/2025\/07\/HEL2066-Archet-et-lumiere-M24x24x1.5-AT-BD24.jpg","type":"image\/jpeg"}],"twitter_card":"summary_large_image","schema":{"@context":"https:\/\/schema.org","@graph":[{"@type":"WebPage","@id":"https:\/\/www.galerievieuxstjean.com\/en\/product\/archet-et-lumiere\/","url":"https:\/\/www.galerievieuxstjean.com\/en\/product\/archet-et-lumiere\/","name":"Archet et lumi\u00e8re - Galerie du Vieux Saint-Jean","isPartOf":{"@id":"https:\/\/www.galerievieuxstjean.com\/en\/#website"},"primaryImageOfPage":{"@id":"https:\/\/www.galerievieuxstjean.com\/en\/product\/archet-et-lumiere\/#primaryimage"},"image":{"@id":"https:\/\/www.galerievieuxstjean.com\/en\/product\/archet-et-lumiere\/#primaryimage"},"thumbnailUrl":"https:\/\/www.galerievieuxstjean.com\/wp-content\/uploads\/2025\/07\/HEL2066-Archet-et-lumiere-M24x24x1.5-AT-BD24.jpg","datePublished":"2025-07-25T23:43:58+00:00","description":"Original artwork, 24x30 in, acrylic on canvas by H\u00e9l\u00e8ne Lafontaine. Violinist in performance rendered in vibrant poetic pixelism.","breadcrumb":{"@id":"https:\/\/www.galerievieuxstjean.com\/en\/product\/archet-et-lumiere\/#breadcrumb"},"inLanguage":"en-US","potentialAction":[{"@type":"ReadAction","target":["https:\/\/www.galerievieuxstjean.com\/en\/product\/archet-et-lumiere\/"]}]},{"@type":"ImageObject","inLanguage":"en-US","@id":"https:\/\/www.galerievieuxstjean.com\/en\/product\/archet-et-lumiere\/#primaryimage","url":"https:\/\/www.galerievieuxstjean.com\/wp-content\/uploads\/2025\/07\/HEL2066-Archet-et-lumiere-M24x24x1.5-AT-BD24.jpg","contentUrl":"https:\/\/www.galerievieuxstjean.com\/wp-content\/uploads\/2025\/07\/HEL2066-Archet-et-lumiere-M24x24x1.5-AT-BD24.jpg","width":1588,"height":1600},{"@type":"BreadcrumbList","@id":"https:\/\/www.galerievieuxstjean.com\/en\/product\/archet-et-lumiere\/#breadcrumb","itemListElement":[{"@type":"ListItem","position":1,"name":"Accueil","item":"https:\/\/www.galerievieuxstjean.com\/en\/"},{"@type":"ListItem","position":2,"name":"Boutique","item":"https:\/\/www.galerievieuxstjean.com\/en\/shop\/"},{"@type":"ListItem","position":3,"name":"Archet et lumi\u00e8re"}]},{"@type":"WebSite","@id":"https:\/\/www.galerievieuxstjean.com\/en\/#website","url":"https:\/\/www.galerievieuxstjean.com\/en\/","name":"Galerie du Vieux St-Jean","description":"","publisher":{"@id":"https:\/\/www.galerievieuxstjean.com\/en\/#organization"},"potentialAction":[{"@type":"SearchAction","target":{"@type":"EntryPoint","urlTemplate":"https:\/\/www.galerievieuxstjean.com\/en\/?s={search_term_string}"},"query-input":{"@type":"PropertyValueSpecification","valueRequired":true,"valueName":"search_term_string"}}],"inLanguage":"en-US"},{"@type":"Organization","@id":"https:\/\/www.galerievieuxstjean.com\/en\/#organization","name":"Galerie du Vieux St-Jean","url":"https:\/\/www.galerievieuxstjean.com\/en\/","logo":{"@type":"ImageObject","inLanguage":"en-US","@id":"https:\/\/www.galerievieuxstjean.com\/en\/#\/schema\/logo\/image\/","url":"https:\/\/www.galerievieuxstjean.com\/wp-content\/uploads\/2022\/02\/Logo-Galerie-du-Vieux-St-Jean-noir_Final-Jeff-202112.jpg","contentUrl":"https:\/\/www.galerievieuxstjean.com\/wp-content\/uploads\/2022\/02\/Logo-Galerie-du-Vieux-St-Jean-noir_Final-Jeff-202112.jpg","width":1500,"height":1500,"caption":"Galerie du Vieux St-Jean"},"image":{"@id":"https:\/\/www.galerievieuxstjean.com\/en\/#\/schema\/logo\/image\/"},"sameAs":["https:\/\/www.facebook.com\/galerievieuxstjean"]}]}},"_links":{"self":[{"href":"https:\/\/www.galerievieuxstjean.com\/en\/wp-json\/wp\/v2\/product\/22588","targetHints":{"allow":["GET"]}}],"collection":[{"href":"https:\/\/www.galerievieuxstjean.com\/en\/wp-json\/wp\/v2\/product"}],"about":[{"href":"https:\/\/www.galerievieuxstjean.com\/en\/wp-json\/wp\/v2\/types\/product"}],"wp:featuredmedia":[{"embeddable":true,"href":"https:\/\/www.galerievieuxstjean.com\/en\/wp-json\/wp\/v2\/media\/22579"}],"wp:attachment":[{"href":"https:\/\/www.galerievieuxstjean.com\/en\/wp-json\/wp\/v2\/media?parent=22588"}],"wp:term":[{"taxonomy":"product_brand","embeddable":true,"href":"https:\/\/www.galerievieuxstjean.com\/en\/wp-json\/wp\/v2\/product_brand?post=22588"},{"taxonomy":"product_cat","embeddable":true,"href":"https:\/\/www.galerievieuxstjean.com\/en\/wp-json\/wp\/v2\/product_cat?post=22588"},{"taxonomy":"product_tag","embeddable":true,"href":"https:\/\/www.galerievieuxstjean.com\/en\/wp-json\/wp\/v2\/product_tag?post=22588"}],"curies":[{"name":"wp","href":"https:\/\/api.w.org\/{rel}","templated":true}]}}