{"id":23590,"date":"2025-09-26T16:24:52","date_gmt":"2025-09-26T20:24:52","guid":{"rendered":"https:\/\/www.galerievieuxstjean.com\/product\/la-memoire-des-saisons\/"},"modified":"2025-12-11T19:53:46","modified_gmt":"2025-12-12T00:53:46","slug":"la-memoire-des-saisons","status":"publish","type":"product","link":"https:\/\/www.galerievieuxstjean.com\/en\/product\/la-memoire-des-saisons\/","title":{"rendered":"La m\u00e9moire des saisons"},"content":{"rendered":"","protected":false},"excerpt":{"rendered":"<p><strong data-start=\"800\" data-end=\"821\">Original artwork.<\/strong><br data-start=\"821\" data-end=\"824\" \/><em data-start=\"824\" data-end=\"848\">La m\u00e9moire des saisons<\/em> (24&#215;30) is a mixed-media creation by H\u00e9l\u00e8ne Lafontaine. The artist combines painting with driftwood retrieved from lake bottoms and small stones to evoke the timeless strength of Quebec\u2019s landscapes. Rocks, trees, and snow unfold in a harmony of browns, whites, and grays, enriched with mineral textures that echo the passage of time. True to her artistic approach, Lafontaine immerses us in a world where nature and abstraction converge, inviting us to feel the endless cycle of the seasons.<\/p>\n","protected":false},"featured_media":23592,"template":"","meta":{"_acf_changed":false,"_relevanssi_hide_post":"","_relevanssi_hide_content":"","_relevanssi_pin_for_all":"","_relevanssi_pin_keywords":"","_relevanssi_unpin_keywords":"","_relevanssi_related_keywords":"","_relevanssi_related_include_ids":"","_relevanssi_related_exclude_ids":"","_relevanssi_related_no_append":"","_relevanssi_related_not_related":"","_relevanssi_related_posts":"","_relevanssi_noindex_reason":""},"product_brand":[],"product_cat":[403],"product_tag":[234],"class_list":{"0":"post-23590","1":"product","2":"type-product","3":"status-publish","4":"has-post-thumbnail","6":"product_cat-helene-lafontaine-en","7":"product_tag-figurative","8":"product_shipping_class-moyen-en","10":"first","11":"instock","12":"sold-individually","13":"taxable","14":"shipping-taxable","15":"purchasable","16":"product-type-simple"},"acf":[],"yoast_head":"<!-- This site is optimized with the Yoast SEO Premium plugin v27.5 (Yoast SEO v27.5) - https:\/\/yoast.com\/product\/yoast-seo-premium-wordpress\/ -->\n<title>La m\u00e9moire des saisons - Galerie du Vieux Saint-Jean<\/title>\n<meta name=\"description\" content=\"Mixed-media artwork La m\u00e9moire des saisons (24x30) by H\u00e9l\u00e8ne Lafontaine, a poetic landscape blending reclaimed wood and small stones, balancing nature and abstraction.\" \/>\n<meta name=\"robots\" content=\"index, follow, max-snippet:-1, max-image-preview:large, max-video-preview:-1\" \/>\n<link rel=\"canonical\" href=\"https:\/\/www.galerievieuxstjean.com\/en\/product\/la-memoire-des-saisons\/\" \/>\n<meta property=\"og:locale\" content=\"en_US\" \/>\n<meta property=\"og:type\" content=\"article\" \/>\n<meta property=\"og:title\" content=\"La m\u00e9moire des saisons\" \/>\n<meta property=\"og:description\" content=\"Mixed-media artwork La m\u00e9moire des saisons (24x30) by H\u00e9l\u00e8ne Lafontaine, a poetic landscape blending reclaimed wood and small stones, balancing nature and abstraction.\" \/>\n<meta property=\"og:url\" content=\"https:\/\/www.galerievieuxstjean.com\/en\/product\/la-memoire-des-saisons\/\" \/>\n<meta property=\"og:site_name\" content=\"Galerie du Vieux Saint-Jean\" \/>\n<meta property=\"article:publisher\" content=\"https:\/\/www.facebook.com\/galerievieuxstjean\" \/>\n<meta property=\"article:modified_time\" content=\"2025-12-12T00:53:46+00:00\" \/>\n<meta property=\"og:image\" content=\"https:\/\/www.galerievieuxstjean.com\/wp-content\/uploads\/2025\/09\/HEL2105-La-memoire-des-saisons-24x30x1.5-MB-BD25-1.jpg\" \/>\n\t<meta property=\"og:image:width\" content=\"1600\" \/>\n\t<meta property=\"og:image:height\" content=\"1277\" \/>\n\t<meta property=\"og:image:type\" content=\"image\/jpeg\" \/>\n<meta name=\"twitter:card\" content=\"summary_large_image\" \/>\n<script type=\"application\/ld+json\" class=\"yoast-schema-graph\">{\"@context\":\"https:\\\/\\\/schema.org\",\"@graph\":[{\"@type\":\"WebPage\",\"@id\":\"https:\\\/\\\/www.galerievieuxstjean.com\\\/en\\\/product\\\/la-memoire-des-saisons\\\/\",\"url\":\"https:\\\/\\\/www.galerievieuxstjean.com\\\/en\\\/product\\\/la-memoire-des-saisons\\\/\",\"name\":\"La m\u00e9moire des saisons - Galerie du Vieux Saint-Jean\",\"isPartOf\":{\"@id\":\"https:\\\/\\\/www.galerievieuxstjean.com\\\/en\\\/#website\"},\"primaryImageOfPage\":{\"@id\":\"https:\\\/\\\/www.galerievieuxstjean.com\\\/en\\\/product\\\/la-memoire-des-saisons\\\/#primaryimage\"},\"image\":{\"@id\":\"https:\\\/\\\/www.galerievieuxstjean.com\\\/en\\\/product\\\/la-memoire-des-saisons\\\/#primaryimage\"},\"thumbnailUrl\":\"https:\\\/\\\/www.galerievieuxstjean.com\\\/wp-content\\\/uploads\\\/2025\\\/09\\\/HEL2105-La-memoire-des-saisons-24x30x1.5-MB-BD25-1.jpg\",\"datePublished\":\"2025-09-26T20:24:52+00:00\",\"dateModified\":\"2025-12-12T00:53:46+00:00\",\"description\":\"Mixed-media artwork La m\u00e9moire des saisons (24x30) by H\u00e9l\u00e8ne Lafontaine, a poetic landscape blending reclaimed wood and small stones, balancing nature and abstraction.\",\"breadcrumb\":{\"@id\":\"https:\\\/\\\/www.galerievieuxstjean.com\\\/en\\\/product\\\/la-memoire-des-saisons\\\/#breadcrumb\"},\"inLanguage\":\"en-US\",\"potentialAction\":[{\"@type\":\"ReadAction\",\"target\":[\"https:\\\/\\\/www.galerievieuxstjean.com\\\/en\\\/product\\\/la-memoire-des-saisons\\\/\"]}]},{\"@type\":\"ImageObject\",\"inLanguage\":\"en-US\",\"@id\":\"https:\\\/\\\/www.galerievieuxstjean.com\\\/en\\\/product\\\/la-memoire-des-saisons\\\/#primaryimage\",\"url\":\"https:\\\/\\\/www.galerievieuxstjean.com\\\/wp-content\\\/uploads\\\/2025\\\/09\\\/HEL2105-La-memoire-des-saisons-24x30x1.5-MB-BD25-1.jpg\",\"contentUrl\":\"https:\\\/\\\/www.galerievieuxstjean.com\\\/wp-content\\\/uploads\\\/2025\\\/09\\\/HEL2105-La-memoire-des-saisons-24x30x1.5-MB-BD25-1.jpg\",\"width\":1600,\"height\":1277,\"caption\":\"Tableau mixte 24x30 La m\u00e9moire des saisons par H\u00e9l\u00e8ne Lafontaine, paysage abstrait avec bois rep\u00each\u00e9, petites roches et textures min\u00e9rales.\"},{\"@type\":\"BreadcrumbList\",\"@id\":\"https:\\\/\\\/www.galerievieuxstjean.com\\\/en\\\/product\\\/la-memoire-des-saisons\\\/#breadcrumb\",\"itemListElement\":[{\"@type\":\"ListItem\",\"position\":1,\"name\":\"Accueil\",\"item\":\"https:\\\/\\\/www.galerievieuxstjean.com\\\/en\\\/\"},{\"@type\":\"ListItem\",\"position\":2,\"name\":\"Boutique\",\"item\":\"https:\\\/\\\/www.galerievieuxstjean.com\\\/en\\\/shop\\\/\"},{\"@type\":\"ListItem\",\"position\":3,\"name\":\"La m\u00e9moire des saisons\"}]},{\"@type\":\"WebSite\",\"@id\":\"https:\\\/\\\/www.galerievieuxstjean.com\\\/en\\\/#website\",\"url\":\"https:\\\/\\\/www.galerievieuxstjean.com\\\/en\\\/\",\"name\":\"Galerie du Vieux St-Jean\",\"description\":\"\",\"publisher\":{\"@id\":\"https:\\\/\\\/www.galerievieuxstjean.com\\\/en\\\/#organization\"},\"potentialAction\":[{\"@type\":\"SearchAction\",\"target\":{\"@type\":\"EntryPoint\",\"urlTemplate\":\"https:\\\/\\\/www.galerievieuxstjean.com\\\/en\\\/?s={search_term_string}\"},\"query-input\":{\"@type\":\"PropertyValueSpecification\",\"valueRequired\":true,\"valueName\":\"search_term_string\"}}],\"inLanguage\":\"en-US\"},{\"@type\":\"Organization\",\"@id\":\"https:\\\/\\\/www.galerievieuxstjean.com\\\/en\\\/#organization\",\"name\":\"Galerie du Vieux St-Jean\",\"url\":\"https:\\\/\\\/www.galerievieuxstjean.com\\\/en\\\/\",\"logo\":{\"@type\":\"ImageObject\",\"inLanguage\":\"en-US\",\"@id\":\"https:\\\/\\\/www.galerievieuxstjean.com\\\/en\\\/#\\\/schema\\\/logo\\\/image\\\/\",\"url\":\"https:\\\/\\\/www.galerievieuxstjean.com\\\/wp-content\\\/uploads\\\/2022\\\/02\\\/Logo-Galerie-du-Vieux-St-Jean-noir_Final-Jeff-202112.jpg\",\"contentUrl\":\"https:\\\/\\\/www.galerievieuxstjean.com\\\/wp-content\\\/uploads\\\/2022\\\/02\\\/Logo-Galerie-du-Vieux-St-Jean-noir_Final-Jeff-202112.jpg\",\"width\":1500,\"height\":1500,\"caption\":\"Galerie du Vieux St-Jean\"},\"image\":{\"@id\":\"https:\\\/\\\/www.galerievieuxstjean.com\\\/en\\\/#\\\/schema\\\/logo\\\/image\\\/\"},\"sameAs\":[\"https:\\\/\\\/www.facebook.com\\\/galerievieuxstjean\"]}]}<\/script>\n<!-- \/ Yoast SEO Premium plugin. -->","yoast_head_json":{"title":"La m\u00e9moire des saisons - Galerie du Vieux Saint-Jean","description":"Mixed-media artwork La m\u00e9moire des saisons (24x30) by H\u00e9l\u00e8ne Lafontaine, a poetic landscape blending reclaimed wood and small stones, balancing nature and abstraction.","robots":{"index":"index","follow":"follow","max-snippet":"max-snippet:-1","max-image-preview":"max-image-preview:large","max-video-preview":"max-video-preview:-1"},"canonical":"https:\/\/www.galerievieuxstjean.com\/en\/product\/la-memoire-des-saisons\/","og_locale":"en_US","og_type":"article","og_title":"La m\u00e9moire des saisons","og_description":"Mixed-media artwork La m\u00e9moire des saisons (24x30) by H\u00e9l\u00e8ne Lafontaine, a poetic landscape blending reclaimed wood and small stones, balancing nature and abstraction.","og_url":"https:\/\/www.galerievieuxstjean.com\/en\/product\/la-memoire-des-saisons\/","og_site_name":"Galerie du Vieux Saint-Jean","article_publisher":"https:\/\/www.facebook.com\/galerievieuxstjean","article_modified_time":"2025-12-12T00:53:46+00:00","og_image":[{"width":1600,"height":1277,"url":"https:\/\/www.galerievieuxstjean.com\/wp-content\/uploads\/2025\/09\/HEL2105-La-memoire-des-saisons-24x30x1.5-MB-BD25-1.jpg","type":"image\/jpeg"}],"twitter_card":"summary_large_image","schema":{"@context":"https:\/\/schema.org","@graph":[{"@type":"WebPage","@id":"https:\/\/www.galerievieuxstjean.com\/en\/product\/la-memoire-des-saisons\/","url":"https:\/\/www.galerievieuxstjean.com\/en\/product\/la-memoire-des-saisons\/","name":"La m\u00e9moire des saisons - Galerie du Vieux Saint-Jean","isPartOf":{"@id":"https:\/\/www.galerievieuxstjean.com\/en\/#website"},"primaryImageOfPage":{"@id":"https:\/\/www.galerievieuxstjean.com\/en\/product\/la-memoire-des-saisons\/#primaryimage"},"image":{"@id":"https:\/\/www.galerievieuxstjean.com\/en\/product\/la-memoire-des-saisons\/#primaryimage"},"thumbnailUrl":"https:\/\/www.galerievieuxstjean.com\/wp-content\/uploads\/2025\/09\/HEL2105-La-memoire-des-saisons-24x30x1.5-MB-BD25-1.jpg","datePublished":"2025-09-26T20:24:52+00:00","dateModified":"2025-12-12T00:53:46+00:00","description":"Mixed-media artwork La m\u00e9moire des saisons (24x30) by H\u00e9l\u00e8ne Lafontaine, a poetic landscape blending reclaimed wood and small stones, balancing nature and abstraction.","breadcrumb":{"@id":"https:\/\/www.galerievieuxstjean.com\/en\/product\/la-memoire-des-saisons\/#breadcrumb"},"inLanguage":"en-US","potentialAction":[{"@type":"ReadAction","target":["https:\/\/www.galerievieuxstjean.com\/en\/product\/la-memoire-des-saisons\/"]}]},{"@type":"ImageObject","inLanguage":"en-US","@id":"https:\/\/www.galerievieuxstjean.com\/en\/product\/la-memoire-des-saisons\/#primaryimage","url":"https:\/\/www.galerievieuxstjean.com\/wp-content\/uploads\/2025\/09\/HEL2105-La-memoire-des-saisons-24x30x1.5-MB-BD25-1.jpg","contentUrl":"https:\/\/www.galerievieuxstjean.com\/wp-content\/uploads\/2025\/09\/HEL2105-La-memoire-des-saisons-24x30x1.5-MB-BD25-1.jpg","width":1600,"height":1277,"caption":"Tableau mixte 24x30 La m\u00e9moire des saisons par H\u00e9l\u00e8ne Lafontaine, paysage abstrait avec bois rep\u00each\u00e9, petites roches et textures min\u00e9rales."},{"@type":"BreadcrumbList","@id":"https:\/\/www.galerievieuxstjean.com\/en\/product\/la-memoire-des-saisons\/#breadcrumb","itemListElement":[{"@type":"ListItem","position":1,"name":"Accueil","item":"https:\/\/www.galerievieuxstjean.com\/en\/"},{"@type":"ListItem","position":2,"name":"Boutique","item":"https:\/\/www.galerievieuxstjean.com\/en\/shop\/"},{"@type":"ListItem","position":3,"name":"La m\u00e9moire des saisons"}]},{"@type":"WebSite","@id":"https:\/\/www.galerievieuxstjean.com\/en\/#website","url":"https:\/\/www.galerievieuxstjean.com\/en\/","name":"Galerie du Vieux St-Jean","description":"","publisher":{"@id":"https:\/\/www.galerievieuxstjean.com\/en\/#organization"},"potentialAction":[{"@type":"SearchAction","target":{"@type":"EntryPoint","urlTemplate":"https:\/\/www.galerievieuxstjean.com\/en\/?s={search_term_string}"},"query-input":{"@type":"PropertyValueSpecification","valueRequired":true,"valueName":"search_term_string"}}],"inLanguage":"en-US"},{"@type":"Organization","@id":"https:\/\/www.galerievieuxstjean.com\/en\/#organization","name":"Galerie du Vieux St-Jean","url":"https:\/\/www.galerievieuxstjean.com\/en\/","logo":{"@type":"ImageObject","inLanguage":"en-US","@id":"https:\/\/www.galerievieuxstjean.com\/en\/#\/schema\/logo\/image\/","url":"https:\/\/www.galerievieuxstjean.com\/wp-content\/uploads\/2022\/02\/Logo-Galerie-du-Vieux-St-Jean-noir_Final-Jeff-202112.jpg","contentUrl":"https:\/\/www.galerievieuxstjean.com\/wp-content\/uploads\/2022\/02\/Logo-Galerie-du-Vieux-St-Jean-noir_Final-Jeff-202112.jpg","width":1500,"height":1500,"caption":"Galerie du Vieux St-Jean"},"image":{"@id":"https:\/\/www.galerievieuxstjean.com\/en\/#\/schema\/logo\/image\/"},"sameAs":["https:\/\/www.facebook.com\/galerievieuxstjean"]}]}},"_links":{"self":[{"href":"https:\/\/www.galerievieuxstjean.com\/en\/wp-json\/wp\/v2\/product\/23590","targetHints":{"allow":["GET"]}}],"collection":[{"href":"https:\/\/www.galerievieuxstjean.com\/en\/wp-json\/wp\/v2\/product"}],"about":[{"href":"https:\/\/www.galerievieuxstjean.com\/en\/wp-json\/wp\/v2\/types\/product"}],"wp:featuredmedia":[{"embeddable":true,"href":"https:\/\/www.galerievieuxstjean.com\/en\/wp-json\/wp\/v2\/media\/23592"}],"wp:attachment":[{"href":"https:\/\/www.galerievieuxstjean.com\/en\/wp-json\/wp\/v2\/media?parent=23590"}],"wp:term":[{"taxonomy":"product_brand","embeddable":true,"href":"https:\/\/www.galerievieuxstjean.com\/en\/wp-json\/wp\/v2\/product_brand?post=23590"},{"taxonomy":"product_cat","embeddable":true,"href":"https:\/\/www.galerievieuxstjean.com\/en\/wp-json\/wp\/v2\/product_cat?post=23590"},{"taxonomy":"product_tag","embeddable":true,"href":"https:\/\/www.galerievieuxstjean.com\/en\/wp-json\/wp\/v2\/product_tag?post=23590"}],"curies":[{"name":"wp","href":"https:\/\/api.w.org\/{rel}","templated":true}]}}