{"id":23606,"date":"2025-09-26T18:23:27","date_gmt":"2025-09-26T22:23:27","guid":{"rendered":"https:\/\/www.galerievieuxstjean.com\/product\/nimfolaa-rea\/"},"modified":"2025-09-26T19:08:44","modified_gmt":"2025-09-26T23:08:44","slug":"nimfolaa-rea","status":"publish","type":"product","link":"https:\/\/www.galerievieuxstjean.com\/en\/product\/nimfolaa-rea\/","title":{"rendered":"N\u00efmfolaa R\u00e9a"},"content":{"rendered":"","protected":false},"excerpt":{"rendered":"<p>Original artwork.<\/p>\n<p>Oil on canvas, 24 x 30 in. In <em data-start=\"1087\" data-end=\"1101\">N\u00efmfolaa R\u00e9a<\/em>, Jean-Pierre Neveu opens a portal to an entirely imagined forest: an emerald stream, fantastical flora and rich textures bathe in golden light. The artist\u2019s technical precision and layered composition fuse realism with dreamlike energy; bioluminescent-like forms lead the eye to a clearing where light seems to breathe. A contemplative journey into a lush, mysterious world.<\/p>\n","protected":false},"featured_media":23605,"template":"","meta":{"_acf_changed":false,"_relevanssi_hide_post":"","_relevanssi_hide_content":"","_relevanssi_pin_for_all":"","_relevanssi_pin_keywords":"","_relevanssi_unpin_keywords":"","_relevanssi_related_keywords":"","_relevanssi_related_include_ids":"","_relevanssi_related_exclude_ids":"","_relevanssi_related_no_append":"","_relevanssi_related_not_related":"","_relevanssi_related_posts":"","_relevanssi_noindex_reason":""},"product_brand":[],"product_cat":[87],"product_tag":[234],"class_list":{"0":"post-23606","1":"product","2":"type-product","3":"status-publish","4":"has-post-thumbnail","6":"product_cat-jean-pierre-neveu-en","7":"product_tag-figurative","8":"product_shipping_class-moyen-en","10":"first","11":"outofstock","12":"sold-individually","13":"taxable","14":"shipping-taxable","15":"purchasable","16":"product-type-simple"},"acf":[],"yoast_head":"<!-- This site is optimized with the Yoast SEO Premium plugin v27.3 (Yoast SEO v27.3) - https:\/\/yoast.com\/product\/yoast-seo-premium-wordpress\/ -->\n<title>N\u00efmfolaa R\u00e9a - Galerie du Vieux Saint-Jean<\/title>\n<meta name=\"description\" content=\"Oil on canvas, 24\u00d730 in by Jean-Pierre Neveu. Luminous imagined forest with emerald stream and fantastical flora, rendered with remarkable technical precision. N\u00efmfolaa R\u00e9a.\" \/>\n<meta name=\"robots\" content=\"index, follow, max-snippet:-1, max-image-preview:large, max-video-preview:-1\" \/>\n<link rel=\"canonical\" href=\"https:\/\/www.galerievieuxstjean.com\/en\/product\/nimfolaa-rea\/\" \/>\n<meta property=\"og:locale\" content=\"en_US\" \/>\n<meta property=\"og:type\" content=\"article\" \/>\n<meta property=\"og:title\" content=\"N\u00efmfolaa R\u00e9a\" \/>\n<meta property=\"og:description\" content=\"Oil on canvas, 24\u00d730 in by Jean-Pierre Neveu. Luminous imagined forest with emerald stream and fantastical flora, rendered with remarkable technical precision. N\u00efmfolaa R\u00e9a.\" \/>\n<meta property=\"og:url\" content=\"https:\/\/www.galerievieuxstjean.com\/en\/product\/nimfolaa-rea\/\" \/>\n<meta property=\"og:site_name\" content=\"Galerie du Vieux Saint-Jean\" \/>\n<meta property=\"article:publisher\" content=\"https:\/\/www.facebook.com\/galerievieuxstjean\" \/>\n<meta property=\"article:modified_time\" content=\"2025-09-26T23:08:44+00:00\" \/>\n<meta property=\"og:image\" content=\"https:\/\/www.galerievieuxstjean.com\/wp-content\/uploads\/2025\/09\/JPN2109-Nimfolaa-Rea-M24x30x1.5-HT-BD25.jpg\" \/>\n\t<meta property=\"og:image:width\" content=\"1600\" \/>\n\t<meta property=\"og:image:height\" content=\"1268\" \/>\n\t<meta property=\"og:image:type\" content=\"image\/jpeg\" \/>\n<meta name=\"twitter:card\" content=\"summary_large_image\" \/>\n<script type=\"application\/ld+json\" class=\"yoast-schema-graph\">{\"@context\":\"https:\\\/\\\/schema.org\",\"@graph\":[{\"@type\":\"WebPage\",\"@id\":\"https:\\\/\\\/www.galerievieuxstjean.com\\\/en\\\/product\\\/nimfolaa-rea\\\/\",\"url\":\"https:\\\/\\\/www.galerievieuxstjean.com\\\/en\\\/product\\\/nimfolaa-rea\\\/\",\"name\":\"N\u00efmfolaa R\u00e9a - Galerie du Vieux Saint-Jean\",\"isPartOf\":{\"@id\":\"https:\\\/\\\/www.galerievieuxstjean.com\\\/en\\\/#website\"},\"primaryImageOfPage\":{\"@id\":\"https:\\\/\\\/www.galerievieuxstjean.com\\\/en\\\/product\\\/nimfolaa-rea\\\/#primaryimage\"},\"image\":{\"@id\":\"https:\\\/\\\/www.galerievieuxstjean.com\\\/en\\\/product\\\/nimfolaa-rea\\\/#primaryimage\"},\"thumbnailUrl\":\"https:\\\/\\\/www.galerievieuxstjean.com\\\/wp-content\\\/uploads\\\/2025\\\/09\\\/JPN2109-Nimfolaa-Rea-M24x30x1.5-HT-BD25.jpg\",\"datePublished\":\"2025-09-26T22:23:27+00:00\",\"dateModified\":\"2025-09-26T23:08:44+00:00\",\"description\":\"Oil on canvas, 24\u00d730 in by Jean-Pierre Neveu. Luminous imagined forest with emerald stream and fantastical flora, rendered with remarkable technical precision. N\u00efmfolaa R\u00e9a.\",\"breadcrumb\":{\"@id\":\"https:\\\/\\\/www.galerievieuxstjean.com\\\/en\\\/product\\\/nimfolaa-rea\\\/#breadcrumb\"},\"inLanguage\":\"en-US\",\"potentialAction\":[{\"@type\":\"ReadAction\",\"target\":[\"https:\\\/\\\/www.galerievieuxstjean.com\\\/en\\\/product\\\/nimfolaa-rea\\\/\"]}]},{\"@type\":\"ImageObject\",\"inLanguage\":\"en-US\",\"@id\":\"https:\\\/\\\/www.galerievieuxstjean.com\\\/en\\\/product\\\/nimfolaa-rea\\\/#primaryimage\",\"url\":\"https:\\\/\\\/www.galerievieuxstjean.com\\\/wp-content\\\/uploads\\\/2025\\\/09\\\/JPN2109-Nimfolaa-Rea-M24x30x1.5-HT-BD25.jpg\",\"contentUrl\":\"https:\\\/\\\/www.galerievieuxstjean.com\\\/wp-content\\\/uploads\\\/2025\\\/09\\\/JPN2109-Nimfolaa-Rea-M24x30x1.5-HT-BD25.jpg\",\"width\":1600,\"height\":1268,\"caption\":\"N\u00efmfolaa R\u00e9a, oil on canvas 24\u00d730 in by Jean-Pierre Neveu: imagined forest scene with turquoise stream, fantastical plants and glowing golden light.\"},{\"@type\":\"BreadcrumbList\",\"@id\":\"https:\\\/\\\/www.galerievieuxstjean.com\\\/en\\\/product\\\/nimfolaa-rea\\\/#breadcrumb\",\"itemListElement\":[{\"@type\":\"ListItem\",\"position\":1,\"name\":\"Accueil\",\"item\":\"https:\\\/\\\/www.galerievieuxstjean.com\\\/en\\\/\"},{\"@type\":\"ListItem\",\"position\":2,\"name\":\"Boutique\",\"item\":\"https:\\\/\\\/www.galerievieuxstjean.com\\\/en\\\/shop\\\/\"},{\"@type\":\"ListItem\",\"position\":3,\"name\":\"N\u00efmfolaa R\u00e9a\"}]},{\"@type\":\"WebSite\",\"@id\":\"https:\\\/\\\/www.galerievieuxstjean.com\\\/en\\\/#website\",\"url\":\"https:\\\/\\\/www.galerievieuxstjean.com\\\/en\\\/\",\"name\":\"Galerie du Vieux St-Jean\",\"description\":\"\",\"publisher\":{\"@id\":\"https:\\\/\\\/www.galerievieuxstjean.com\\\/en\\\/#organization\"},\"potentialAction\":[{\"@type\":\"SearchAction\",\"target\":{\"@type\":\"EntryPoint\",\"urlTemplate\":\"https:\\\/\\\/www.galerievieuxstjean.com\\\/en\\\/?s={search_term_string}\"},\"query-input\":{\"@type\":\"PropertyValueSpecification\",\"valueRequired\":true,\"valueName\":\"search_term_string\"}}],\"inLanguage\":\"en-US\"},{\"@type\":\"Organization\",\"@id\":\"https:\\\/\\\/www.galerievieuxstjean.com\\\/en\\\/#organization\",\"name\":\"Galerie du Vieux St-Jean\",\"url\":\"https:\\\/\\\/www.galerievieuxstjean.com\\\/en\\\/\",\"logo\":{\"@type\":\"ImageObject\",\"inLanguage\":\"en-US\",\"@id\":\"https:\\\/\\\/www.galerievieuxstjean.com\\\/en\\\/#\\\/schema\\\/logo\\\/image\\\/\",\"url\":\"https:\\\/\\\/www.galerievieuxstjean.com\\\/wp-content\\\/uploads\\\/2022\\\/02\\\/Logo-Galerie-du-Vieux-St-Jean-noir_Final-Jeff-202112.jpg\",\"contentUrl\":\"https:\\\/\\\/www.galerievieuxstjean.com\\\/wp-content\\\/uploads\\\/2022\\\/02\\\/Logo-Galerie-du-Vieux-St-Jean-noir_Final-Jeff-202112.jpg\",\"width\":1500,\"height\":1500,\"caption\":\"Galerie du Vieux St-Jean\"},\"image\":{\"@id\":\"https:\\\/\\\/www.galerievieuxstjean.com\\\/en\\\/#\\\/schema\\\/logo\\\/image\\\/\"},\"sameAs\":[\"https:\\\/\\\/www.facebook.com\\\/galerievieuxstjean\"]}]}<\/script>\n<!-- \/ Yoast SEO Premium plugin. -->","yoast_head_json":{"title":"N\u00efmfolaa R\u00e9a - Galerie du Vieux Saint-Jean","description":"Oil on canvas, 24\u00d730 in by Jean-Pierre Neveu. Luminous imagined forest with emerald stream and fantastical flora, rendered with remarkable technical precision. N\u00efmfolaa R\u00e9a.","robots":{"index":"index","follow":"follow","max-snippet":"max-snippet:-1","max-image-preview":"max-image-preview:large","max-video-preview":"max-video-preview:-1"},"canonical":"https:\/\/www.galerievieuxstjean.com\/en\/product\/nimfolaa-rea\/","og_locale":"en_US","og_type":"article","og_title":"N\u00efmfolaa R\u00e9a","og_description":"Oil on canvas, 24\u00d730 in by Jean-Pierre Neveu. Luminous imagined forest with emerald stream and fantastical flora, rendered with remarkable technical precision. N\u00efmfolaa R\u00e9a.","og_url":"https:\/\/www.galerievieuxstjean.com\/en\/product\/nimfolaa-rea\/","og_site_name":"Galerie du Vieux Saint-Jean","article_publisher":"https:\/\/www.facebook.com\/galerievieuxstjean","article_modified_time":"2025-09-26T23:08:44+00:00","og_image":[{"width":1600,"height":1268,"url":"https:\/\/www.galerievieuxstjean.com\/wp-content\/uploads\/2025\/09\/JPN2109-Nimfolaa-Rea-M24x30x1.5-HT-BD25.jpg","type":"image\/jpeg"}],"twitter_card":"summary_large_image","schema":{"@context":"https:\/\/schema.org","@graph":[{"@type":"WebPage","@id":"https:\/\/www.galerievieuxstjean.com\/en\/product\/nimfolaa-rea\/","url":"https:\/\/www.galerievieuxstjean.com\/en\/product\/nimfolaa-rea\/","name":"N\u00efmfolaa R\u00e9a - Galerie du Vieux Saint-Jean","isPartOf":{"@id":"https:\/\/www.galerievieuxstjean.com\/en\/#website"},"primaryImageOfPage":{"@id":"https:\/\/www.galerievieuxstjean.com\/en\/product\/nimfolaa-rea\/#primaryimage"},"image":{"@id":"https:\/\/www.galerievieuxstjean.com\/en\/product\/nimfolaa-rea\/#primaryimage"},"thumbnailUrl":"https:\/\/www.galerievieuxstjean.com\/wp-content\/uploads\/2025\/09\/JPN2109-Nimfolaa-Rea-M24x30x1.5-HT-BD25.jpg","datePublished":"2025-09-26T22:23:27+00:00","dateModified":"2025-09-26T23:08:44+00:00","description":"Oil on canvas, 24\u00d730 in by Jean-Pierre Neveu. Luminous imagined forest with emerald stream and fantastical flora, rendered with remarkable technical precision. N\u00efmfolaa R\u00e9a.","breadcrumb":{"@id":"https:\/\/www.galerievieuxstjean.com\/en\/product\/nimfolaa-rea\/#breadcrumb"},"inLanguage":"en-US","potentialAction":[{"@type":"ReadAction","target":["https:\/\/www.galerievieuxstjean.com\/en\/product\/nimfolaa-rea\/"]}]},{"@type":"ImageObject","inLanguage":"en-US","@id":"https:\/\/www.galerievieuxstjean.com\/en\/product\/nimfolaa-rea\/#primaryimage","url":"https:\/\/www.galerievieuxstjean.com\/wp-content\/uploads\/2025\/09\/JPN2109-Nimfolaa-Rea-M24x30x1.5-HT-BD25.jpg","contentUrl":"https:\/\/www.galerievieuxstjean.com\/wp-content\/uploads\/2025\/09\/JPN2109-Nimfolaa-Rea-M24x30x1.5-HT-BD25.jpg","width":1600,"height":1268,"caption":"N\u00efmfolaa R\u00e9a, oil on canvas 24\u00d730 in by Jean-Pierre Neveu: imagined forest scene with turquoise stream, fantastical plants and glowing golden light."},{"@type":"BreadcrumbList","@id":"https:\/\/www.galerievieuxstjean.com\/en\/product\/nimfolaa-rea\/#breadcrumb","itemListElement":[{"@type":"ListItem","position":1,"name":"Accueil","item":"https:\/\/www.galerievieuxstjean.com\/en\/"},{"@type":"ListItem","position":2,"name":"Boutique","item":"https:\/\/www.galerievieuxstjean.com\/en\/shop\/"},{"@type":"ListItem","position":3,"name":"N\u00efmfolaa R\u00e9a"}]},{"@type":"WebSite","@id":"https:\/\/www.galerievieuxstjean.com\/en\/#website","url":"https:\/\/www.galerievieuxstjean.com\/en\/","name":"Galerie du Vieux St-Jean","description":"","publisher":{"@id":"https:\/\/www.galerievieuxstjean.com\/en\/#organization"},"potentialAction":[{"@type":"SearchAction","target":{"@type":"EntryPoint","urlTemplate":"https:\/\/www.galerievieuxstjean.com\/en\/?s={search_term_string}"},"query-input":{"@type":"PropertyValueSpecification","valueRequired":true,"valueName":"search_term_string"}}],"inLanguage":"en-US"},{"@type":"Organization","@id":"https:\/\/www.galerievieuxstjean.com\/en\/#organization","name":"Galerie du Vieux St-Jean","url":"https:\/\/www.galerievieuxstjean.com\/en\/","logo":{"@type":"ImageObject","inLanguage":"en-US","@id":"https:\/\/www.galerievieuxstjean.com\/en\/#\/schema\/logo\/image\/","url":"https:\/\/www.galerievieuxstjean.com\/wp-content\/uploads\/2022\/02\/Logo-Galerie-du-Vieux-St-Jean-noir_Final-Jeff-202112.jpg","contentUrl":"https:\/\/www.galerievieuxstjean.com\/wp-content\/uploads\/2022\/02\/Logo-Galerie-du-Vieux-St-Jean-noir_Final-Jeff-202112.jpg","width":1500,"height":1500,"caption":"Galerie du Vieux St-Jean"},"image":{"@id":"https:\/\/www.galerievieuxstjean.com\/en\/#\/schema\/logo\/image\/"},"sameAs":["https:\/\/www.facebook.com\/galerievieuxstjean"]}]}},"_links":{"self":[{"href":"https:\/\/www.galerievieuxstjean.com\/en\/wp-json\/wp\/v2\/product\/23606","targetHints":{"allow":["GET"]}}],"collection":[{"href":"https:\/\/www.galerievieuxstjean.com\/en\/wp-json\/wp\/v2\/product"}],"about":[{"href":"https:\/\/www.galerievieuxstjean.com\/en\/wp-json\/wp\/v2\/types\/product"}],"wp:featuredmedia":[{"embeddable":true,"href":"https:\/\/www.galerievieuxstjean.com\/en\/wp-json\/wp\/v2\/media\/23605"}],"wp:attachment":[{"href":"https:\/\/www.galerievieuxstjean.com\/en\/wp-json\/wp\/v2\/media?parent=23606"}],"wp:term":[{"taxonomy":"product_brand","embeddable":true,"href":"https:\/\/www.galerievieuxstjean.com\/en\/wp-json\/wp\/v2\/product_brand?post=23606"},{"taxonomy":"product_cat","embeddable":true,"href":"https:\/\/www.galerievieuxstjean.com\/en\/wp-json\/wp\/v2\/product_cat?post=23606"},{"taxonomy":"product_tag","embeddable":true,"href":"https:\/\/www.galerievieuxstjean.com\/en\/wp-json\/wp\/v2\/product_tag?post=23606"}],"curies":[{"name":"wp","href":"https:\/\/api.w.org\/{rel}","templated":true}]}}