{"id":23903,"date":"2025-10-29T13:04:52","date_gmt":"2025-10-29T17:04:52","guid":{"rendered":"https:\/\/www.galerievieuxstjean.com\/product\/coeur-a-coeur\/"},"modified":"2025-10-29T13:17:36","modified_gmt":"2025-10-29T17:17:36","slug":"coeur-a-coeur","status":"publish","type":"product","link":"https:\/\/www.galerievieuxstjean.com\/en\/product\/coeur-a-coeur\/","title":{"rendered":"C\u0153ur \u00e0 c\u0153ur"},"content":{"rendered":"","protected":false},"excerpt":{"rendered":"<p>Original artwork.<\/p>\n<p>C\u0153ur \u00e0 c\u0153ur\u00a0 \u2014 encaustic on wood, 10 x 10. In this intimate work, Gabrielle Dumont builds soft, luminous wax layers; gestures and translucency evoke a tender, quiet closeness.<\/p>\n","protected":false},"featured_media":23884,"template":"","meta":{"_acf_changed":false,"_relevanssi_hide_post":"","_relevanssi_hide_content":"","_relevanssi_pin_for_all":"","_relevanssi_pin_keywords":"","_relevanssi_unpin_keywords":"","_relevanssi_related_keywords":"","_relevanssi_related_include_ids":"","_relevanssi_related_exclude_ids":"","_relevanssi_related_no_append":"","_relevanssi_related_not_related":"","_relevanssi_related_posts":"","_relevanssi_noindex_reason":""},"product_brand":[],"product_cat":[85],"product_tag":[234],"class_list":{"0":"post-23903","1":"product","2":"type-product","3":"status-publish","4":"has-post-thumbnail","6":"product_cat-gabrielle-dumont-en","7":"product_tag-figurative","8":"product_shipping_class-petit-en","10":"first","11":"instock","12":"sold-individually","13":"taxable","14":"shipping-taxable","15":"purchasable","16":"product-type-simple"},"acf":[],"yoast_head":"<!-- This site is optimized with the Yoast SEO Premium plugin v27.3 (Yoast SEO v27.3) - https:\/\/yoast.com\/product\/yoast-seo-premium-wordpress\/ -->\n<title>C\u0153ur \u00e0 c\u0153ur - Galerie du Vieux Saint-Jean<\/title>\n<meta name=\"description\" content=\"Original artwork, C\u0153ur \u00e0 c\u0153ur, encaustic on wood 10 x 10 by Gabrielle Dumont: small format, velvety wax surface, gentle light, intimate mood.\" \/>\n<meta name=\"robots\" content=\"index, follow, max-snippet:-1, max-image-preview:large, max-video-preview:-1\" \/>\n<link rel=\"canonical\" href=\"https:\/\/www.galerievieuxstjean.com\/en\/product\/coeur-a-coeur\/\" \/>\n<meta property=\"og:locale\" content=\"en_US\" \/>\n<meta property=\"og:type\" content=\"article\" \/>\n<meta property=\"og:title\" content=\"C\u0153ur \u00e0 c\u0153ur\" \/>\n<meta property=\"og:description\" content=\"Original artwork, C\u0153ur \u00e0 c\u0153ur, encaustic on wood 10 x 10 by Gabrielle Dumont: small format, velvety wax surface, gentle light, intimate mood.\" \/>\n<meta property=\"og:url\" content=\"https:\/\/www.galerievieuxstjean.com\/en\/product\/coeur-a-coeur\/\" \/>\n<meta property=\"og:site_name\" content=\"Galerie du Vieux Saint-Jean\" \/>\n<meta property=\"article:publisher\" content=\"https:\/\/www.facebook.com\/galerievieuxstjean\" \/>\n<meta property=\"article:modified_time\" content=\"2025-10-29T17:17:36+00:00\" \/>\n<meta property=\"og:image\" content=\"https:\/\/www.galerievieuxstjean.com\/wp-content\/uploads\/2025\/10\/GAD2138-Coeur-a-coeurP10x10x.75-EB-BD25.jpg\" \/>\n\t<meta property=\"og:image:width\" content=\"1600\" \/>\n\t<meta property=\"og:image:height\" content=\"1600\" \/>\n\t<meta property=\"og:image:type\" content=\"image\/jpeg\" \/>\n<meta name=\"twitter:card\" content=\"summary_large_image\" \/>\n<script type=\"application\/ld+json\" class=\"yoast-schema-graph\">{\"@context\":\"https:\\\/\\\/schema.org\",\"@graph\":[{\"@type\":\"WebPage\",\"@id\":\"https:\\\/\\\/www.galerievieuxstjean.com\\\/en\\\/product\\\/coeur-a-coeur\\\/\",\"url\":\"https:\\\/\\\/www.galerievieuxstjean.com\\\/en\\\/product\\\/coeur-a-coeur\\\/\",\"name\":\"C\u0153ur \u00e0 c\u0153ur - Galerie du Vieux Saint-Jean\",\"isPartOf\":{\"@id\":\"https:\\\/\\\/www.galerievieuxstjean.com\\\/en\\\/#website\"},\"primaryImageOfPage\":{\"@id\":\"https:\\\/\\\/www.galerievieuxstjean.com\\\/en\\\/product\\\/coeur-a-coeur\\\/#primaryimage\"},\"image\":{\"@id\":\"https:\\\/\\\/www.galerievieuxstjean.com\\\/en\\\/product\\\/coeur-a-coeur\\\/#primaryimage\"},\"thumbnailUrl\":\"https:\\\/\\\/www.galerievieuxstjean.com\\\/wp-content\\\/uploads\\\/2025\\\/10\\\/GAD2138-Coeur-a-coeurP10x10x.75-EB-BD25.jpg\",\"datePublished\":\"2025-10-29T17:04:52+00:00\",\"dateModified\":\"2025-10-29T17:17:36+00:00\",\"description\":\"Original artwork, C\u0153ur \u00e0 c\u0153ur, encaustic on wood 10 x 10 by Gabrielle Dumont: small format, velvety wax surface, gentle light, intimate mood.\",\"breadcrumb\":{\"@id\":\"https:\\\/\\\/www.galerievieuxstjean.com\\\/en\\\/product\\\/coeur-a-coeur\\\/#breadcrumb\"},\"inLanguage\":\"en-US\",\"potentialAction\":[{\"@type\":\"ReadAction\",\"target\":[\"https:\\\/\\\/www.galerievieuxstjean.com\\\/en\\\/product\\\/coeur-a-coeur\\\/\"]}]},{\"@type\":\"ImageObject\",\"inLanguage\":\"en-US\",\"@id\":\"https:\\\/\\\/www.galerievieuxstjean.com\\\/en\\\/product\\\/coeur-a-coeur\\\/#primaryimage\",\"url\":\"https:\\\/\\\/www.galerievieuxstjean.com\\\/wp-content\\\/uploads\\\/2025\\\/10\\\/GAD2138-Coeur-a-coeurP10x10x.75-EB-BD25.jpg\",\"contentUrl\":\"https:\\\/\\\/www.galerievieuxstjean.com\\\/wp-content\\\/uploads\\\/2025\\\/10\\\/GAD2138-Coeur-a-coeurP10x10x.75-EB-BD25.jpg\",\"width\":1600,\"height\":1600,\"caption\":\"C\u0153ur \u00e0 c\u0153ur, 10 x 10, encaustic on wood by Gabrielle Dumont \u2014 small tactile artwork with warm tones and an intimate, luminous feel.\"},{\"@type\":\"BreadcrumbList\",\"@id\":\"https:\\\/\\\/www.galerievieuxstjean.com\\\/en\\\/product\\\/coeur-a-coeur\\\/#breadcrumb\",\"itemListElement\":[{\"@type\":\"ListItem\",\"position\":1,\"name\":\"Accueil\",\"item\":\"https:\\\/\\\/www.galerievieuxstjean.com\\\/en\\\/\"},{\"@type\":\"ListItem\",\"position\":2,\"name\":\"Boutique\",\"item\":\"https:\\\/\\\/www.galerievieuxstjean.com\\\/en\\\/shop\\\/\"},{\"@type\":\"ListItem\",\"position\":3,\"name\":\"C\u0153ur \u00e0 c\u0153ur\"}]},{\"@type\":\"WebSite\",\"@id\":\"https:\\\/\\\/www.galerievieuxstjean.com\\\/en\\\/#website\",\"url\":\"https:\\\/\\\/www.galerievieuxstjean.com\\\/en\\\/\",\"name\":\"Galerie du Vieux St-Jean\",\"description\":\"\",\"publisher\":{\"@id\":\"https:\\\/\\\/www.galerievieuxstjean.com\\\/en\\\/#organization\"},\"potentialAction\":[{\"@type\":\"SearchAction\",\"target\":{\"@type\":\"EntryPoint\",\"urlTemplate\":\"https:\\\/\\\/www.galerievieuxstjean.com\\\/en\\\/?s={search_term_string}\"},\"query-input\":{\"@type\":\"PropertyValueSpecification\",\"valueRequired\":true,\"valueName\":\"search_term_string\"}}],\"inLanguage\":\"en-US\"},{\"@type\":\"Organization\",\"@id\":\"https:\\\/\\\/www.galerievieuxstjean.com\\\/en\\\/#organization\",\"name\":\"Galerie du Vieux St-Jean\",\"url\":\"https:\\\/\\\/www.galerievieuxstjean.com\\\/en\\\/\",\"logo\":{\"@type\":\"ImageObject\",\"inLanguage\":\"en-US\",\"@id\":\"https:\\\/\\\/www.galerievieuxstjean.com\\\/en\\\/#\\\/schema\\\/logo\\\/image\\\/\",\"url\":\"https:\\\/\\\/www.galerievieuxstjean.com\\\/wp-content\\\/uploads\\\/2022\\\/02\\\/Logo-Galerie-du-Vieux-St-Jean-noir_Final-Jeff-202112.jpg\",\"contentUrl\":\"https:\\\/\\\/www.galerievieuxstjean.com\\\/wp-content\\\/uploads\\\/2022\\\/02\\\/Logo-Galerie-du-Vieux-St-Jean-noir_Final-Jeff-202112.jpg\",\"width\":1500,\"height\":1500,\"caption\":\"Galerie du Vieux St-Jean\"},\"image\":{\"@id\":\"https:\\\/\\\/www.galerievieuxstjean.com\\\/en\\\/#\\\/schema\\\/logo\\\/image\\\/\"},\"sameAs\":[\"https:\\\/\\\/www.facebook.com\\\/galerievieuxstjean\"]}]}<\/script>\n<!-- \/ Yoast SEO Premium plugin. -->","yoast_head_json":{"title":"C\u0153ur \u00e0 c\u0153ur - Galerie du Vieux Saint-Jean","description":"Original artwork, C\u0153ur \u00e0 c\u0153ur, encaustic on wood 10 x 10 by Gabrielle Dumont: small format, velvety wax surface, gentle light, intimate mood.","robots":{"index":"index","follow":"follow","max-snippet":"max-snippet:-1","max-image-preview":"max-image-preview:large","max-video-preview":"max-video-preview:-1"},"canonical":"https:\/\/www.galerievieuxstjean.com\/en\/product\/coeur-a-coeur\/","og_locale":"en_US","og_type":"article","og_title":"C\u0153ur \u00e0 c\u0153ur","og_description":"Original artwork, C\u0153ur \u00e0 c\u0153ur, encaustic on wood 10 x 10 by Gabrielle Dumont: small format, velvety wax surface, gentle light, intimate mood.","og_url":"https:\/\/www.galerievieuxstjean.com\/en\/product\/coeur-a-coeur\/","og_site_name":"Galerie du Vieux Saint-Jean","article_publisher":"https:\/\/www.facebook.com\/galerievieuxstjean","article_modified_time":"2025-10-29T17:17:36+00:00","og_image":[{"width":1600,"height":1600,"url":"https:\/\/www.galerievieuxstjean.com\/wp-content\/uploads\/2025\/10\/GAD2138-Coeur-a-coeurP10x10x.75-EB-BD25.jpg","type":"image\/jpeg"}],"twitter_card":"summary_large_image","schema":{"@context":"https:\/\/schema.org","@graph":[{"@type":"WebPage","@id":"https:\/\/www.galerievieuxstjean.com\/en\/product\/coeur-a-coeur\/","url":"https:\/\/www.galerievieuxstjean.com\/en\/product\/coeur-a-coeur\/","name":"C\u0153ur \u00e0 c\u0153ur - Galerie du Vieux Saint-Jean","isPartOf":{"@id":"https:\/\/www.galerievieuxstjean.com\/en\/#website"},"primaryImageOfPage":{"@id":"https:\/\/www.galerievieuxstjean.com\/en\/product\/coeur-a-coeur\/#primaryimage"},"image":{"@id":"https:\/\/www.galerievieuxstjean.com\/en\/product\/coeur-a-coeur\/#primaryimage"},"thumbnailUrl":"https:\/\/www.galerievieuxstjean.com\/wp-content\/uploads\/2025\/10\/GAD2138-Coeur-a-coeurP10x10x.75-EB-BD25.jpg","datePublished":"2025-10-29T17:04:52+00:00","dateModified":"2025-10-29T17:17:36+00:00","description":"Original artwork, C\u0153ur \u00e0 c\u0153ur, encaustic on wood 10 x 10 by Gabrielle Dumont: small format, velvety wax surface, gentle light, intimate mood.","breadcrumb":{"@id":"https:\/\/www.galerievieuxstjean.com\/en\/product\/coeur-a-coeur\/#breadcrumb"},"inLanguage":"en-US","potentialAction":[{"@type":"ReadAction","target":["https:\/\/www.galerievieuxstjean.com\/en\/product\/coeur-a-coeur\/"]}]},{"@type":"ImageObject","inLanguage":"en-US","@id":"https:\/\/www.galerievieuxstjean.com\/en\/product\/coeur-a-coeur\/#primaryimage","url":"https:\/\/www.galerievieuxstjean.com\/wp-content\/uploads\/2025\/10\/GAD2138-Coeur-a-coeurP10x10x.75-EB-BD25.jpg","contentUrl":"https:\/\/www.galerievieuxstjean.com\/wp-content\/uploads\/2025\/10\/GAD2138-Coeur-a-coeurP10x10x.75-EB-BD25.jpg","width":1600,"height":1600,"caption":"C\u0153ur \u00e0 c\u0153ur, 10 x 10, encaustic on wood by Gabrielle Dumont \u2014 small tactile artwork with warm tones and an intimate, luminous feel."},{"@type":"BreadcrumbList","@id":"https:\/\/www.galerievieuxstjean.com\/en\/product\/coeur-a-coeur\/#breadcrumb","itemListElement":[{"@type":"ListItem","position":1,"name":"Accueil","item":"https:\/\/www.galerievieuxstjean.com\/en\/"},{"@type":"ListItem","position":2,"name":"Boutique","item":"https:\/\/www.galerievieuxstjean.com\/en\/shop\/"},{"@type":"ListItem","position":3,"name":"C\u0153ur \u00e0 c\u0153ur"}]},{"@type":"WebSite","@id":"https:\/\/www.galerievieuxstjean.com\/en\/#website","url":"https:\/\/www.galerievieuxstjean.com\/en\/","name":"Galerie du Vieux St-Jean","description":"","publisher":{"@id":"https:\/\/www.galerievieuxstjean.com\/en\/#organization"},"potentialAction":[{"@type":"SearchAction","target":{"@type":"EntryPoint","urlTemplate":"https:\/\/www.galerievieuxstjean.com\/en\/?s={search_term_string}"},"query-input":{"@type":"PropertyValueSpecification","valueRequired":true,"valueName":"search_term_string"}}],"inLanguage":"en-US"},{"@type":"Organization","@id":"https:\/\/www.galerievieuxstjean.com\/en\/#organization","name":"Galerie du Vieux St-Jean","url":"https:\/\/www.galerievieuxstjean.com\/en\/","logo":{"@type":"ImageObject","inLanguage":"en-US","@id":"https:\/\/www.galerievieuxstjean.com\/en\/#\/schema\/logo\/image\/","url":"https:\/\/www.galerievieuxstjean.com\/wp-content\/uploads\/2022\/02\/Logo-Galerie-du-Vieux-St-Jean-noir_Final-Jeff-202112.jpg","contentUrl":"https:\/\/www.galerievieuxstjean.com\/wp-content\/uploads\/2022\/02\/Logo-Galerie-du-Vieux-St-Jean-noir_Final-Jeff-202112.jpg","width":1500,"height":1500,"caption":"Galerie du Vieux St-Jean"},"image":{"@id":"https:\/\/www.galerievieuxstjean.com\/en\/#\/schema\/logo\/image\/"},"sameAs":["https:\/\/www.facebook.com\/galerievieuxstjean"]}]}},"_links":{"self":[{"href":"https:\/\/www.galerievieuxstjean.com\/en\/wp-json\/wp\/v2\/product\/23903","targetHints":{"allow":["GET"]}}],"collection":[{"href":"https:\/\/www.galerievieuxstjean.com\/en\/wp-json\/wp\/v2\/product"}],"about":[{"href":"https:\/\/www.galerievieuxstjean.com\/en\/wp-json\/wp\/v2\/types\/product"}],"wp:featuredmedia":[{"embeddable":true,"href":"https:\/\/www.galerievieuxstjean.com\/en\/wp-json\/wp\/v2\/media\/23884"}],"wp:attachment":[{"href":"https:\/\/www.galerievieuxstjean.com\/en\/wp-json\/wp\/v2\/media?parent=23903"}],"wp:term":[{"taxonomy":"product_brand","embeddable":true,"href":"https:\/\/www.galerievieuxstjean.com\/en\/wp-json\/wp\/v2\/product_brand?post=23903"},{"taxonomy":"product_cat","embeddable":true,"href":"https:\/\/www.galerievieuxstjean.com\/en\/wp-json\/wp\/v2\/product_cat?post=23903"},{"taxonomy":"product_tag","embeddable":true,"href":"https:\/\/www.galerievieuxstjean.com\/en\/wp-json\/wp\/v2\/product_tag?post=23903"}],"curies":[{"name":"wp","href":"https:\/\/api.w.org\/{rel}","templated":true}]}}