{"id":23926,"date":"2025-10-31T19:28:46","date_gmt":"2025-10-31T23:28:46","guid":{"rendered":"https:\/\/www.galerievieuxstjean.com\/product\/a-lecoute-du-vent\/"},"modified":"2025-10-31T19:30:14","modified_gmt":"2025-10-31T23:30:14","slug":"a-lecoute-du-vent","status":"publish","type":"product","link":"https:\/\/www.galerievieuxstjean.com\/en\/product\/a-lecoute-du-vent\/","title":{"rendered":"\u00c0 l&#8217;\u00e9coute du vent"},"content":{"rendered":"","protected":false},"excerpt":{"rendered":"<p>Original artwork<br data-start=\"447\" data-end=\"450\" \/>In \u00c0 l\u2019\u00e9coute du vent (24 x 24 in), Gabrielle Dumont works in encaustic on wood with subtle 24k gold leaf. Two foxes, attuned to an unseen breeze, lift their gaze toward a diffused glow. Carved beeswax layers and blue arabesques form a vegetal frame, while golden flecks heighten the sense of air and whisper\u2014as if the forest were speaking.<\/p>\n","protected":false},"featured_media":23890,"template":"","meta":{"_acf_changed":false,"_relevanssi_hide_post":"","_relevanssi_hide_content":"","_relevanssi_pin_for_all":"","_relevanssi_pin_keywords":"","_relevanssi_unpin_keywords":"","_relevanssi_related_keywords":"","_relevanssi_related_include_ids":"","_relevanssi_related_exclude_ids":"","_relevanssi_related_no_append":"","_relevanssi_related_not_related":"","_relevanssi_related_posts":"","_relevanssi_noindex_reason":""},"product_brand":[],"product_cat":[85],"product_tag":[234],"class_list":{"0":"post-23926","1":"product","2":"type-product","3":"status-publish","4":"has-post-thumbnail","6":"product_cat-gabrielle-dumont-en","7":"product_tag-figurative","8":"product_shipping_class-moyen-en","10":"first","11":"outofstock","12":"sold-individually","13":"taxable","14":"shipping-taxable","15":"purchasable","16":"product-type-simple"},"acf":[],"yoast_head":"<!-- This site is optimized with the Yoast SEO Premium plugin v27.3 (Yoast SEO v27.3) - https:\/\/yoast.com\/product\/yoast-seo-premium-wordpress\/ -->\n<title>\u00c0 l&#039;\u00e9coute du vent - Galerie du Vieux Saint-Jean<\/title>\n<meta name=\"description\" content=\"Original artwork Encaustic on wood 24 x 24 in by Gabrielle Dumont, \u00c0 l\u2019\u00e9coute du vent: two attentive foxes, carved beeswax, 24k gold leaf, luminous airy mood.\" \/>\n<meta name=\"robots\" content=\"index, follow, max-snippet:-1, max-image-preview:large, max-video-preview:-1\" \/>\n<link rel=\"canonical\" href=\"https:\/\/www.galerievieuxstjean.com\/en\/product\/a-lecoute-du-vent\/\" \/>\n<meta property=\"og:locale\" content=\"en_US\" \/>\n<meta property=\"og:type\" content=\"article\" \/>\n<meta property=\"og:title\" content=\"\u00c0 l&#039;\u00e9coute du vent\" \/>\n<meta property=\"og:description\" content=\"Original artwork Encaustic on wood 24 x 24 in by Gabrielle Dumont, \u00c0 l\u2019\u00e9coute du vent: two attentive foxes, carved beeswax, 24k gold leaf, luminous airy mood.\" \/>\n<meta property=\"og:url\" content=\"https:\/\/www.galerievieuxstjean.com\/en\/product\/a-lecoute-du-vent\/\" \/>\n<meta property=\"og:site_name\" content=\"Galerie du Vieux Saint-Jean\" \/>\n<meta property=\"article:publisher\" content=\"https:\/\/www.facebook.com\/galerievieuxstjean\" \/>\n<meta property=\"article:modified_time\" content=\"2025-10-31T23:30:14+00:00\" \/>\n<meta property=\"og:image\" content=\"https:\/\/www.galerievieuxstjean.com\/wp-content\/uploads\/2025\/10\/GAD2141-A-lecoute-du-vent-M24x24x.75-EB-BG25.jpg\" \/>\n\t<meta property=\"og:image:width\" content=\"1000\" \/>\n\t<meta property=\"og:image:height\" content=\"1000\" \/>\n\t<meta property=\"og:image:type\" content=\"image\/jpeg\" \/>\n<meta name=\"twitter:card\" content=\"summary_large_image\" \/>\n<script type=\"application\/ld+json\" class=\"yoast-schema-graph\">{\"@context\":\"https:\\\/\\\/schema.org\",\"@graph\":[{\"@type\":\"WebPage\",\"@id\":\"https:\\\/\\\/www.galerievieuxstjean.com\\\/en\\\/product\\\/a-lecoute-du-vent\\\/\",\"url\":\"https:\\\/\\\/www.galerievieuxstjean.com\\\/en\\\/product\\\/a-lecoute-du-vent\\\/\",\"name\":\"\u00c0 l'\u00e9coute du vent - Galerie du Vieux Saint-Jean\",\"isPartOf\":{\"@id\":\"https:\\\/\\\/www.galerievieuxstjean.com\\\/en\\\/#website\"},\"primaryImageOfPage\":{\"@id\":\"https:\\\/\\\/www.galerievieuxstjean.com\\\/en\\\/product\\\/a-lecoute-du-vent\\\/#primaryimage\"},\"image\":{\"@id\":\"https:\\\/\\\/www.galerievieuxstjean.com\\\/en\\\/product\\\/a-lecoute-du-vent\\\/#primaryimage\"},\"thumbnailUrl\":\"https:\\\/\\\/www.galerievieuxstjean.com\\\/wp-content\\\/uploads\\\/2025\\\/10\\\/GAD2141-A-lecoute-du-vent-M24x24x.75-EB-BG25.jpg\",\"datePublished\":\"2025-10-31T23:28:46+00:00\",\"dateModified\":\"2025-10-31T23:30:14+00:00\",\"description\":\"Original artwork Encaustic on wood 24 x 24 in by Gabrielle Dumont, \u00c0 l\u2019\u00e9coute du vent: two attentive foxes, carved beeswax, 24k gold leaf, luminous airy mood.\",\"breadcrumb\":{\"@id\":\"https:\\\/\\\/www.galerievieuxstjean.com\\\/en\\\/product\\\/a-lecoute-du-vent\\\/#breadcrumb\"},\"inLanguage\":\"en-US\",\"potentialAction\":[{\"@type\":\"ReadAction\",\"target\":[\"https:\\\/\\\/www.galerievieuxstjean.com\\\/en\\\/product\\\/a-lecoute-du-vent\\\/\"]}]},{\"@type\":\"ImageObject\",\"inLanguage\":\"en-US\",\"@id\":\"https:\\\/\\\/www.galerievieuxstjean.com\\\/en\\\/product\\\/a-lecoute-du-vent\\\/#primaryimage\",\"url\":\"https:\\\/\\\/www.galerievieuxstjean.com\\\/wp-content\\\/uploads\\\/2025\\\/10\\\/GAD2141-A-lecoute-du-vent-M24x24x.75-EB-BG25.jpg\",\"contentUrl\":\"https:\\\/\\\/www.galerievieuxstjean.com\\\/wp-content\\\/uploads\\\/2025\\\/10\\\/GAD2141-A-lecoute-du-vent-M24x24x.75-EB-BG25.jpg\",\"width\":1000,\"height\":1000,\"caption\":\"\u00c0 l\u2019\u00e9coute du vent, 24 x 24 in, encaustic on wood with 24k gold leaf by Gabrielle Dumont; two foxes look toward a soft glow.\"},{\"@type\":\"BreadcrumbList\",\"@id\":\"https:\\\/\\\/www.galerievieuxstjean.com\\\/en\\\/product\\\/a-lecoute-du-vent\\\/#breadcrumb\",\"itemListElement\":[{\"@type\":\"ListItem\",\"position\":1,\"name\":\"Accueil\",\"item\":\"https:\\\/\\\/www.galerievieuxstjean.com\\\/en\\\/\"},{\"@type\":\"ListItem\",\"position\":2,\"name\":\"Boutique\",\"item\":\"https:\\\/\\\/www.galerievieuxstjean.com\\\/en\\\/shop\\\/\"},{\"@type\":\"ListItem\",\"position\":3,\"name\":\"\u00c0 l&rsquo;\u00e9coute du vent\"}]},{\"@type\":\"WebSite\",\"@id\":\"https:\\\/\\\/www.galerievieuxstjean.com\\\/en\\\/#website\",\"url\":\"https:\\\/\\\/www.galerievieuxstjean.com\\\/en\\\/\",\"name\":\"Galerie du Vieux St-Jean\",\"description\":\"\",\"publisher\":{\"@id\":\"https:\\\/\\\/www.galerievieuxstjean.com\\\/en\\\/#organization\"},\"potentialAction\":[{\"@type\":\"SearchAction\",\"target\":{\"@type\":\"EntryPoint\",\"urlTemplate\":\"https:\\\/\\\/www.galerievieuxstjean.com\\\/en\\\/?s={search_term_string}\"},\"query-input\":{\"@type\":\"PropertyValueSpecification\",\"valueRequired\":true,\"valueName\":\"search_term_string\"}}],\"inLanguage\":\"en-US\"},{\"@type\":\"Organization\",\"@id\":\"https:\\\/\\\/www.galerievieuxstjean.com\\\/en\\\/#organization\",\"name\":\"Galerie du Vieux St-Jean\",\"url\":\"https:\\\/\\\/www.galerievieuxstjean.com\\\/en\\\/\",\"logo\":{\"@type\":\"ImageObject\",\"inLanguage\":\"en-US\",\"@id\":\"https:\\\/\\\/www.galerievieuxstjean.com\\\/en\\\/#\\\/schema\\\/logo\\\/image\\\/\",\"url\":\"https:\\\/\\\/www.galerievieuxstjean.com\\\/wp-content\\\/uploads\\\/2022\\\/02\\\/Logo-Galerie-du-Vieux-St-Jean-noir_Final-Jeff-202112.jpg\",\"contentUrl\":\"https:\\\/\\\/www.galerievieuxstjean.com\\\/wp-content\\\/uploads\\\/2022\\\/02\\\/Logo-Galerie-du-Vieux-St-Jean-noir_Final-Jeff-202112.jpg\",\"width\":1500,\"height\":1500,\"caption\":\"Galerie du Vieux St-Jean\"},\"image\":{\"@id\":\"https:\\\/\\\/www.galerievieuxstjean.com\\\/en\\\/#\\\/schema\\\/logo\\\/image\\\/\"},\"sameAs\":[\"https:\\\/\\\/www.facebook.com\\\/galerievieuxstjean\"]}]}<\/script>\n<!-- \/ Yoast SEO Premium plugin. -->","yoast_head_json":{"title":"\u00c0 l'\u00e9coute du vent - Galerie du Vieux Saint-Jean","description":"Original artwork Encaustic on wood 24 x 24 in by Gabrielle Dumont, \u00c0 l\u2019\u00e9coute du vent: two attentive foxes, carved beeswax, 24k gold leaf, luminous airy mood.","robots":{"index":"index","follow":"follow","max-snippet":"max-snippet:-1","max-image-preview":"max-image-preview:large","max-video-preview":"max-video-preview:-1"},"canonical":"https:\/\/www.galerievieuxstjean.com\/en\/product\/a-lecoute-du-vent\/","og_locale":"en_US","og_type":"article","og_title":"\u00c0 l'\u00e9coute du vent","og_description":"Original artwork Encaustic on wood 24 x 24 in by Gabrielle Dumont, \u00c0 l\u2019\u00e9coute du vent: two attentive foxes, carved beeswax, 24k gold leaf, luminous airy mood.","og_url":"https:\/\/www.galerievieuxstjean.com\/en\/product\/a-lecoute-du-vent\/","og_site_name":"Galerie du Vieux Saint-Jean","article_publisher":"https:\/\/www.facebook.com\/galerievieuxstjean","article_modified_time":"2025-10-31T23:30:14+00:00","og_image":[{"width":1000,"height":1000,"url":"https:\/\/www.galerievieuxstjean.com\/wp-content\/uploads\/2025\/10\/GAD2141-A-lecoute-du-vent-M24x24x.75-EB-BG25.jpg","type":"image\/jpeg"}],"twitter_card":"summary_large_image","schema":{"@context":"https:\/\/schema.org","@graph":[{"@type":"WebPage","@id":"https:\/\/www.galerievieuxstjean.com\/en\/product\/a-lecoute-du-vent\/","url":"https:\/\/www.galerievieuxstjean.com\/en\/product\/a-lecoute-du-vent\/","name":"\u00c0 l'\u00e9coute du vent - Galerie du Vieux Saint-Jean","isPartOf":{"@id":"https:\/\/www.galerievieuxstjean.com\/en\/#website"},"primaryImageOfPage":{"@id":"https:\/\/www.galerievieuxstjean.com\/en\/product\/a-lecoute-du-vent\/#primaryimage"},"image":{"@id":"https:\/\/www.galerievieuxstjean.com\/en\/product\/a-lecoute-du-vent\/#primaryimage"},"thumbnailUrl":"https:\/\/www.galerievieuxstjean.com\/wp-content\/uploads\/2025\/10\/GAD2141-A-lecoute-du-vent-M24x24x.75-EB-BG25.jpg","datePublished":"2025-10-31T23:28:46+00:00","dateModified":"2025-10-31T23:30:14+00:00","description":"Original artwork Encaustic on wood 24 x 24 in by Gabrielle Dumont, \u00c0 l\u2019\u00e9coute du vent: two attentive foxes, carved beeswax, 24k gold leaf, luminous airy mood.","breadcrumb":{"@id":"https:\/\/www.galerievieuxstjean.com\/en\/product\/a-lecoute-du-vent\/#breadcrumb"},"inLanguage":"en-US","potentialAction":[{"@type":"ReadAction","target":["https:\/\/www.galerievieuxstjean.com\/en\/product\/a-lecoute-du-vent\/"]}]},{"@type":"ImageObject","inLanguage":"en-US","@id":"https:\/\/www.galerievieuxstjean.com\/en\/product\/a-lecoute-du-vent\/#primaryimage","url":"https:\/\/www.galerievieuxstjean.com\/wp-content\/uploads\/2025\/10\/GAD2141-A-lecoute-du-vent-M24x24x.75-EB-BG25.jpg","contentUrl":"https:\/\/www.galerievieuxstjean.com\/wp-content\/uploads\/2025\/10\/GAD2141-A-lecoute-du-vent-M24x24x.75-EB-BG25.jpg","width":1000,"height":1000,"caption":"\u00c0 l\u2019\u00e9coute du vent, 24 x 24 in, encaustic on wood with 24k gold leaf by Gabrielle Dumont; two foxes look toward a soft glow."},{"@type":"BreadcrumbList","@id":"https:\/\/www.galerievieuxstjean.com\/en\/product\/a-lecoute-du-vent\/#breadcrumb","itemListElement":[{"@type":"ListItem","position":1,"name":"Accueil","item":"https:\/\/www.galerievieuxstjean.com\/en\/"},{"@type":"ListItem","position":2,"name":"Boutique","item":"https:\/\/www.galerievieuxstjean.com\/en\/shop\/"},{"@type":"ListItem","position":3,"name":"\u00c0 l&rsquo;\u00e9coute du vent"}]},{"@type":"WebSite","@id":"https:\/\/www.galerievieuxstjean.com\/en\/#website","url":"https:\/\/www.galerievieuxstjean.com\/en\/","name":"Galerie du Vieux St-Jean","description":"","publisher":{"@id":"https:\/\/www.galerievieuxstjean.com\/en\/#organization"},"potentialAction":[{"@type":"SearchAction","target":{"@type":"EntryPoint","urlTemplate":"https:\/\/www.galerievieuxstjean.com\/en\/?s={search_term_string}"},"query-input":{"@type":"PropertyValueSpecification","valueRequired":true,"valueName":"search_term_string"}}],"inLanguage":"en-US"},{"@type":"Organization","@id":"https:\/\/www.galerievieuxstjean.com\/en\/#organization","name":"Galerie du Vieux St-Jean","url":"https:\/\/www.galerievieuxstjean.com\/en\/","logo":{"@type":"ImageObject","inLanguage":"en-US","@id":"https:\/\/www.galerievieuxstjean.com\/en\/#\/schema\/logo\/image\/","url":"https:\/\/www.galerievieuxstjean.com\/wp-content\/uploads\/2022\/02\/Logo-Galerie-du-Vieux-St-Jean-noir_Final-Jeff-202112.jpg","contentUrl":"https:\/\/www.galerievieuxstjean.com\/wp-content\/uploads\/2022\/02\/Logo-Galerie-du-Vieux-St-Jean-noir_Final-Jeff-202112.jpg","width":1500,"height":1500,"caption":"Galerie du Vieux St-Jean"},"image":{"@id":"https:\/\/www.galerievieuxstjean.com\/en\/#\/schema\/logo\/image\/"},"sameAs":["https:\/\/www.facebook.com\/galerievieuxstjean"]}]}},"_links":{"self":[{"href":"https:\/\/www.galerievieuxstjean.com\/en\/wp-json\/wp\/v2\/product\/23926","targetHints":{"allow":["GET"]}}],"collection":[{"href":"https:\/\/www.galerievieuxstjean.com\/en\/wp-json\/wp\/v2\/product"}],"about":[{"href":"https:\/\/www.galerievieuxstjean.com\/en\/wp-json\/wp\/v2\/types\/product"}],"wp:featuredmedia":[{"embeddable":true,"href":"https:\/\/www.galerievieuxstjean.com\/en\/wp-json\/wp\/v2\/media\/23890"}],"wp:attachment":[{"href":"https:\/\/www.galerievieuxstjean.com\/en\/wp-json\/wp\/v2\/media?parent=23926"}],"wp:term":[{"taxonomy":"product_brand","embeddable":true,"href":"https:\/\/www.galerievieuxstjean.com\/en\/wp-json\/wp\/v2\/product_brand?post=23926"},{"taxonomy":"product_cat","embeddable":true,"href":"https:\/\/www.galerievieuxstjean.com\/en\/wp-json\/wp\/v2\/product_cat?post=23926"},{"taxonomy":"product_tag","embeddable":true,"href":"https:\/\/www.galerievieuxstjean.com\/en\/wp-json\/wp\/v2\/product_tag?post=23926"}],"curies":[{"name":"wp","href":"https:\/\/api.w.org\/{rel}","templated":true}]}}