{"id":25371,"date":"2026-05-09T14:09:34","date_gmt":"2026-05-09T18:09:34","guid":{"rendered":"https:\/\/www.galerievieuxstjean.com\/product\/beguinage-de-bruges\/"},"modified":"2026-05-09T14:14:11","modified_gmt":"2026-05-09T18:14:11","slug":"beguinage-de-bruges","status":"publish","type":"product","link":"https:\/\/www.galerievieuxstjean.com\/en\/product\/beguinage-de-bruges\/","title":{"rendered":"B\u00e9guinage de Bruges"},"content":{"rendered":"","protected":false},"excerpt":{"rendered":"<p data-start=\"1208\" data-end=\"1305\">Original artwork.<\/p>\n<p data-start=\"1208\" data-end=\"1305\">In this luminous scene inspired by Bruges, Andr\u00e9 Coppens invites us into a peaceful setting filled with charm and poetry. The historic fa\u00e7ades, stone bridge, water reflections and graceful swans create a landscape that feels both serene and full of life.<\/p>\n<p data-start=\"1563\" data-end=\"1916\">True to his distinctive <strong data-start=\"1587\" data-end=\"1600\">outlinism<\/strong> style, the artist emphasizes forms with expressive lines that bring rhythm and character to the composition. Rich greens, bright blues and warm roof tones create an inviting, timeless atmosphere. A charming artwork that celebrates the quiet beauty of a place shaped by history.<\/p>\n","protected":false},"featured_media":25368,"template":"","meta":{"_acf_changed":false,"_relevanssi_hide_post":"","_relevanssi_hide_content":"","_relevanssi_pin_for_all":"","_relevanssi_pin_keywords":"","_relevanssi_unpin_keywords":"","_relevanssi_related_keywords":"","_relevanssi_related_include_ids":"","_relevanssi_related_exclude_ids":"","_relevanssi_related_no_append":"","_relevanssi_related_not_related":"","_relevanssi_related_posts":"","_relevanssi_noindex_reason":""},"product_brand":[],"product_cat":[80],"product_tag":[234],"class_list":{"0":"post-25371","1":"product","2":"type-product","3":"status-publish","4":"has-post-thumbnail","6":"product_cat-andre-coppens-en","7":"product_tag-figurative","8":"product_shipping_class-petit-en","10":"first","11":"outofstock","12":"sold-individually","13":"taxable","14":"shipping-taxable","15":"purchasable","16":"product-type-simple"},"acf":[],"yoast_head":"<!-- This site is optimized with the Yoast SEO Premium plugin v27.5 (Yoast SEO v27.5) - https:\/\/yoast.com\/product\/yoast-seo-premium-wordpress\/ -->\n<title>B\u00e9guinage de Bruges - Galerie du Vieux Saint-Jean<\/title>\n<meta name=\"description\" content=\"Original acrylic on canvas, 12 x 16 in, by Andr\u00e9 Coppens, depicting the B\u00e9guinage of Bruges with swans and reflections.\" \/>\n<meta name=\"robots\" content=\"index, follow, max-snippet:-1, max-image-preview:large, max-video-preview:-1\" \/>\n<link rel=\"canonical\" href=\"https:\/\/www.galerievieuxstjean.com\/en\/product\/beguinage-de-bruges\/\" \/>\n<meta property=\"og:locale\" content=\"en_US\" \/>\n<meta property=\"og:type\" content=\"article\" \/>\n<meta property=\"og:title\" content=\"B\u00e9guinage de Bruges\" \/>\n<meta property=\"og:description\" content=\"Original acrylic on canvas, 12 x 16 in, by Andr\u00e9 Coppens, depicting the B\u00e9guinage of Bruges with swans and reflections.\" \/>\n<meta property=\"og:url\" content=\"https:\/\/www.galerievieuxstjean.com\/en\/product\/beguinage-de-bruges\/\" \/>\n<meta property=\"og:site_name\" content=\"Galerie du Vieux Saint-Jean\" \/>\n<meta property=\"article:publisher\" content=\"https:\/\/www.facebook.com\/galerievieuxstjean\" \/>\n<meta property=\"article:modified_time\" content=\"2026-05-09T18:14:11+00:00\" \/>\n<meta property=\"og:image\" content=\"https:\/\/www.galerievieuxstjean.com\/wp-content\/uploads\/2026\/05\/ANC2188-Beguinage-de-Bruges-P12x16x.75-AT-Bg26.jpeg\" \/>\n\t<meta property=\"og:image:width\" content=\"1600\" \/>\n\t<meta property=\"og:image:height\" content=\"1193\" \/>\n\t<meta property=\"og:image:type\" content=\"image\/jpeg\" \/>\n<meta name=\"twitter:card\" content=\"summary_large_image\" \/>\n<script type=\"application\/ld+json\" class=\"yoast-schema-graph\">{\"@context\":\"https:\\\/\\\/schema.org\",\"@graph\":[{\"@type\":\"WebPage\",\"@id\":\"https:\\\/\\\/www.galerievieuxstjean.com\\\/en\\\/product\\\/beguinage-de-bruges\\\/\",\"url\":\"https:\\\/\\\/www.galerievieuxstjean.com\\\/en\\\/product\\\/beguinage-de-bruges\\\/\",\"name\":\"B\u00e9guinage de Bruges - Galerie du Vieux Saint-Jean\",\"isPartOf\":{\"@id\":\"https:\\\/\\\/www.galerievieuxstjean.com\\\/en\\\/#website\"},\"primaryImageOfPage\":{\"@id\":\"https:\\\/\\\/www.galerievieuxstjean.com\\\/en\\\/product\\\/beguinage-de-bruges\\\/#primaryimage\"},\"image\":{\"@id\":\"https:\\\/\\\/www.galerievieuxstjean.com\\\/en\\\/product\\\/beguinage-de-bruges\\\/#primaryimage\"},\"thumbnailUrl\":\"https:\\\/\\\/www.galerievieuxstjean.com\\\/wp-content\\\/uploads\\\/2026\\\/05\\\/ANC2188-Beguinage-de-Bruges-P12x16x.75-AT-Bg26.jpeg\",\"datePublished\":\"2026-05-09T18:09:34+00:00\",\"dateModified\":\"2026-05-09T18:14:11+00:00\",\"description\":\"Original acrylic on canvas, 12 x 16 in, by Andr\u00e9 Coppens, depicting the B\u00e9guinage of Bruges with swans and reflections.\",\"breadcrumb\":{\"@id\":\"https:\\\/\\\/www.galerievieuxstjean.com\\\/en\\\/product\\\/beguinage-de-bruges\\\/#breadcrumb\"},\"inLanguage\":\"en-US\",\"potentialAction\":[{\"@type\":\"ReadAction\",\"target\":[\"https:\\\/\\\/www.galerievieuxstjean.com\\\/en\\\/product\\\/beguinage-de-bruges\\\/\"]}]},{\"@type\":\"ImageObject\",\"inLanguage\":\"en-US\",\"@id\":\"https:\\\/\\\/www.galerievieuxstjean.com\\\/en\\\/product\\\/beguinage-de-bruges\\\/#primaryimage\",\"url\":\"https:\\\/\\\/www.galerievieuxstjean.com\\\/wp-content\\\/uploads\\\/2026\\\/05\\\/ANC2188-Beguinage-de-Bruges-P12x16x.75-AT-Bg26.jpeg\",\"contentUrl\":\"https:\\\/\\\/www.galerievieuxstjean.com\\\/wp-content\\\/uploads\\\/2026\\\/05\\\/ANC2188-Beguinage-de-Bruges-P12x16x.75-AT-Bg26.jpeg\",\"width\":1600,\"height\":1193,\"caption\":\"Acrylic on canvas by Andr\u00e9 Coppens showing the B\u00e9guinage of Bruges, a stone bridge, historic houses and swans on the water.\"},{\"@type\":\"BreadcrumbList\",\"@id\":\"https:\\\/\\\/www.galerievieuxstjean.com\\\/en\\\/product\\\/beguinage-de-bruges\\\/#breadcrumb\",\"itemListElement\":[{\"@type\":\"ListItem\",\"position\":1,\"name\":\"Accueil\",\"item\":\"https:\\\/\\\/www.galerievieuxstjean.com\\\/en\\\/\"},{\"@type\":\"ListItem\",\"position\":2,\"name\":\"Boutique\",\"item\":\"https:\\\/\\\/www.galerievieuxstjean.com\\\/en\\\/shop\\\/\"},{\"@type\":\"ListItem\",\"position\":3,\"name\":\"B\u00e9guinage de Bruges\"}]},{\"@type\":\"WebSite\",\"@id\":\"https:\\\/\\\/www.galerievieuxstjean.com\\\/en\\\/#website\",\"url\":\"https:\\\/\\\/www.galerievieuxstjean.com\\\/en\\\/\",\"name\":\"Galerie du Vieux St-Jean\",\"description\":\"\",\"publisher\":{\"@id\":\"https:\\\/\\\/www.galerievieuxstjean.com\\\/en\\\/#organization\"},\"potentialAction\":[{\"@type\":\"SearchAction\",\"target\":{\"@type\":\"EntryPoint\",\"urlTemplate\":\"https:\\\/\\\/www.galerievieuxstjean.com\\\/en\\\/?s={search_term_string}\"},\"query-input\":{\"@type\":\"PropertyValueSpecification\",\"valueRequired\":true,\"valueName\":\"search_term_string\"}}],\"inLanguage\":\"en-US\"},{\"@type\":\"Organization\",\"@id\":\"https:\\\/\\\/www.galerievieuxstjean.com\\\/en\\\/#organization\",\"name\":\"Galerie du Vieux St-Jean\",\"url\":\"https:\\\/\\\/www.galerievieuxstjean.com\\\/en\\\/\",\"logo\":{\"@type\":\"ImageObject\",\"inLanguage\":\"en-US\",\"@id\":\"https:\\\/\\\/www.galerievieuxstjean.com\\\/en\\\/#\\\/schema\\\/logo\\\/image\\\/\",\"url\":\"https:\\\/\\\/www.galerievieuxstjean.com\\\/wp-content\\\/uploads\\\/2022\\\/02\\\/Logo-Galerie-du-Vieux-St-Jean-noir_Final-Jeff-202112.jpg\",\"contentUrl\":\"https:\\\/\\\/www.galerievieuxstjean.com\\\/wp-content\\\/uploads\\\/2022\\\/02\\\/Logo-Galerie-du-Vieux-St-Jean-noir_Final-Jeff-202112.jpg\",\"width\":1500,\"height\":1500,\"caption\":\"Galerie du Vieux St-Jean\"},\"image\":{\"@id\":\"https:\\\/\\\/www.galerievieuxstjean.com\\\/en\\\/#\\\/schema\\\/logo\\\/image\\\/\"},\"sameAs\":[\"https:\\\/\\\/www.facebook.com\\\/galerievieuxstjean\"]}]}<\/script>\n<!-- \/ Yoast SEO Premium plugin. -->","yoast_head_json":{"title":"B\u00e9guinage de Bruges - Galerie du Vieux Saint-Jean","description":"Original acrylic on canvas, 12 x 16 in, by Andr\u00e9 Coppens, depicting the B\u00e9guinage of Bruges with swans and reflections.","robots":{"index":"index","follow":"follow","max-snippet":"max-snippet:-1","max-image-preview":"max-image-preview:large","max-video-preview":"max-video-preview:-1"},"canonical":"https:\/\/www.galerievieuxstjean.com\/en\/product\/beguinage-de-bruges\/","og_locale":"en_US","og_type":"article","og_title":"B\u00e9guinage de Bruges","og_description":"Original acrylic on canvas, 12 x 16 in, by Andr\u00e9 Coppens, depicting the B\u00e9guinage of Bruges with swans and reflections.","og_url":"https:\/\/www.galerievieuxstjean.com\/en\/product\/beguinage-de-bruges\/","og_site_name":"Galerie du Vieux Saint-Jean","article_publisher":"https:\/\/www.facebook.com\/galerievieuxstjean","article_modified_time":"2026-05-09T18:14:11+00:00","og_image":[{"width":1600,"height":1193,"url":"https:\/\/www.galerievieuxstjean.com\/wp-content\/uploads\/2026\/05\/ANC2188-Beguinage-de-Bruges-P12x16x.75-AT-Bg26.jpeg","type":"image\/jpeg"}],"twitter_card":"summary_large_image","schema":{"@context":"https:\/\/schema.org","@graph":[{"@type":"WebPage","@id":"https:\/\/www.galerievieuxstjean.com\/en\/product\/beguinage-de-bruges\/","url":"https:\/\/www.galerievieuxstjean.com\/en\/product\/beguinage-de-bruges\/","name":"B\u00e9guinage de Bruges - Galerie du Vieux Saint-Jean","isPartOf":{"@id":"https:\/\/www.galerievieuxstjean.com\/en\/#website"},"primaryImageOfPage":{"@id":"https:\/\/www.galerievieuxstjean.com\/en\/product\/beguinage-de-bruges\/#primaryimage"},"image":{"@id":"https:\/\/www.galerievieuxstjean.com\/en\/product\/beguinage-de-bruges\/#primaryimage"},"thumbnailUrl":"https:\/\/www.galerievieuxstjean.com\/wp-content\/uploads\/2026\/05\/ANC2188-Beguinage-de-Bruges-P12x16x.75-AT-Bg26.jpeg","datePublished":"2026-05-09T18:09:34+00:00","dateModified":"2026-05-09T18:14:11+00:00","description":"Original acrylic on canvas, 12 x 16 in, by Andr\u00e9 Coppens, depicting the B\u00e9guinage of Bruges with swans and reflections.","breadcrumb":{"@id":"https:\/\/www.galerievieuxstjean.com\/en\/product\/beguinage-de-bruges\/#breadcrumb"},"inLanguage":"en-US","potentialAction":[{"@type":"ReadAction","target":["https:\/\/www.galerievieuxstjean.com\/en\/product\/beguinage-de-bruges\/"]}]},{"@type":"ImageObject","inLanguage":"en-US","@id":"https:\/\/www.galerievieuxstjean.com\/en\/product\/beguinage-de-bruges\/#primaryimage","url":"https:\/\/www.galerievieuxstjean.com\/wp-content\/uploads\/2026\/05\/ANC2188-Beguinage-de-Bruges-P12x16x.75-AT-Bg26.jpeg","contentUrl":"https:\/\/www.galerievieuxstjean.com\/wp-content\/uploads\/2026\/05\/ANC2188-Beguinage-de-Bruges-P12x16x.75-AT-Bg26.jpeg","width":1600,"height":1193,"caption":"Acrylic on canvas by Andr\u00e9 Coppens showing the B\u00e9guinage of Bruges, a stone bridge, historic houses and swans on the water."},{"@type":"BreadcrumbList","@id":"https:\/\/www.galerievieuxstjean.com\/en\/product\/beguinage-de-bruges\/#breadcrumb","itemListElement":[{"@type":"ListItem","position":1,"name":"Accueil","item":"https:\/\/www.galerievieuxstjean.com\/en\/"},{"@type":"ListItem","position":2,"name":"Boutique","item":"https:\/\/www.galerievieuxstjean.com\/en\/shop\/"},{"@type":"ListItem","position":3,"name":"B\u00e9guinage de Bruges"}]},{"@type":"WebSite","@id":"https:\/\/www.galerievieuxstjean.com\/en\/#website","url":"https:\/\/www.galerievieuxstjean.com\/en\/","name":"Galerie du Vieux St-Jean","description":"","publisher":{"@id":"https:\/\/www.galerievieuxstjean.com\/en\/#organization"},"potentialAction":[{"@type":"SearchAction","target":{"@type":"EntryPoint","urlTemplate":"https:\/\/www.galerievieuxstjean.com\/en\/?s={search_term_string}"},"query-input":{"@type":"PropertyValueSpecification","valueRequired":true,"valueName":"search_term_string"}}],"inLanguage":"en-US"},{"@type":"Organization","@id":"https:\/\/www.galerievieuxstjean.com\/en\/#organization","name":"Galerie du Vieux St-Jean","url":"https:\/\/www.galerievieuxstjean.com\/en\/","logo":{"@type":"ImageObject","inLanguage":"en-US","@id":"https:\/\/www.galerievieuxstjean.com\/en\/#\/schema\/logo\/image\/","url":"https:\/\/www.galerievieuxstjean.com\/wp-content\/uploads\/2022\/02\/Logo-Galerie-du-Vieux-St-Jean-noir_Final-Jeff-202112.jpg","contentUrl":"https:\/\/www.galerievieuxstjean.com\/wp-content\/uploads\/2022\/02\/Logo-Galerie-du-Vieux-St-Jean-noir_Final-Jeff-202112.jpg","width":1500,"height":1500,"caption":"Galerie du Vieux St-Jean"},"image":{"@id":"https:\/\/www.galerievieuxstjean.com\/en\/#\/schema\/logo\/image\/"},"sameAs":["https:\/\/www.facebook.com\/galerievieuxstjean"]}]}},"_links":{"self":[{"href":"https:\/\/www.galerievieuxstjean.com\/en\/wp-json\/wp\/v2\/product\/25371","targetHints":{"allow":["GET"]}}],"collection":[{"href":"https:\/\/www.galerievieuxstjean.com\/en\/wp-json\/wp\/v2\/product"}],"about":[{"href":"https:\/\/www.galerievieuxstjean.com\/en\/wp-json\/wp\/v2\/types\/product"}],"wp:featuredmedia":[{"embeddable":true,"href":"https:\/\/www.galerievieuxstjean.com\/en\/wp-json\/wp\/v2\/media\/25368"}],"wp:attachment":[{"href":"https:\/\/www.galerievieuxstjean.com\/en\/wp-json\/wp\/v2\/media?parent=25371"}],"wp:term":[{"taxonomy":"product_brand","embeddable":true,"href":"https:\/\/www.galerievieuxstjean.com\/en\/wp-json\/wp\/v2\/product_brand?post=25371"},{"taxonomy":"product_cat","embeddable":true,"href":"https:\/\/www.galerievieuxstjean.com\/en\/wp-json\/wp\/v2\/product_cat?post=25371"},{"taxonomy":"product_tag","embeddable":true,"href":"https:\/\/www.galerievieuxstjean.com\/en\/wp-json\/wp\/v2\/product_tag?post=25371"}],"curies":[{"name":"wp","href":"https:\/\/api.w.org\/{rel}","templated":true}]}}